{"id":31085,"date":"2026-04-30T13:58:13","date_gmt":"2026-04-30T10:58:13","guid":{"rendered":"https:\/\/crystalbykruela.lt\/product\/deimantinis-frezeris-lasas-nr-35-zalias-pjuvis-siurkstus-4-2mm\/"},"modified":"2026-04-30T22:20:02","modified_gmt":"2026-04-30T19:20:02","slug":"deimantinis-frezeris-lasas-nr-35-zalias-pjuvis-siurkstus-4-2mm","status":"publish","type":"product","link":"https:\/\/crystalbykruela.lt\/ru\/product\/deimantinis-frezeris-lasas-nr-35-zalias-pjuvis-siurkstus-4-2mm\/","title":{"rendered":"Deimantinis frezeris \u2013 la\u0161as Nr.35 \u017ealias pj\u016bvis (\u0161iurk\u0161tus), 4.2mm"},"content":{"rendered":"<p>Deimantinis la\u0161o formos frezeris maniki\u016brui. Crystal Professional.<\/p>\n<p>*Atkreipkite d\u0117mes\u012f, kad produkto spalva gali skirtis nuo nuotraukos.<\/p>","protected":false},"excerpt":{"rendered":"<p>Deimantinis la\u0161o formos frezeris maniki\u016brui. Crystal Professional.<\/p>","protected":false},"featured_media":31105,"comment_status":"open","ping_status":"closed","template":"","meta":[],"product_brand":[],"product_cat":[52,41],"product_tag":[],"class_list":{"0":"post-31085","1":"product","2":"type-product","3":"status-publish","4":"has-post-thumbnail","6":"product_cat-deimantinis-frezeris","7":"product_cat-frezos","9":"first","10":"instock","11":"shipping-taxable","12":"purchasable","13":"product-type-simple"},"_links":{"self":[{"href":"https:\/\/crystalbykruela.lt\/ru\/wp-json\/wp\/v2\/product\/31085","targetHints":{"allow":["GET"]}}],"collection":[{"href":"https:\/\/crystalbykruela.lt\/ru\/wp-json\/wp\/v2\/product"}],"about":[{"href":"https:\/\/crystalbykruela.lt\/ru\/wp-json\/wp\/v2\/types\/product"}],"replies":[{"embeddable":true,"href":"https:\/\/crystalbykruela.lt\/ru\/wp-json\/wp\/v2\/comments?post=31085"}],"version-history":[{"count":0,"href":"https:\/\/crystalbykruela.lt\/ru\/wp-json\/wp\/v2\/product\/31085\/revisions"}],"wp:featuredmedia":[{"embeddable":true,"href":"https:\/\/crystalbykruela.lt\/ru\/wp-json\/wp\/v2\/media\/31105"}],"wp:attachment":[{"href":"https:\/\/crystalbykruela.lt\/ru\/wp-json\/wp\/v2\/media?parent=31085"}],"wp:term":[{"taxonomy":"product_brand","embeddable":true,"href":"https:\/\/crystalbykruela.lt\/ru\/wp-json\/wp\/v2\/product_brand?post=31085"},{"taxonomy":"product_cat","embeddable":true,"href":"https:\/\/crystalbykruela.lt\/ru\/wp-json\/wp\/v2\/product_cat?post=31085"},{"taxonomy":"product_tag","embeddable":true,"href":"https:\/\/crystalbykruela.lt\/ru\/wp-json\/wp\/v2\/product_tag?post=31085"}],"curies":[{"name":"wp","href":"https:\/\/api.w.org\/{rel}","templated":true}]}}