{"id":30302,"date":"2026-04-09T22:34:51","date_gmt":"2026-04-09T19:34:51","guid":{"rendered":"https:\/\/crystalbykruela.lt\/?post_type=product&#038;p=30302"},"modified":"2026-04-30T14:49:06","modified_gmt":"2026-04-30T11:49:06","slug":"base-color-nr-29","status":"publish","type":"product","link":"https:\/\/crystalbykruela.lt\/ru\/product\/base-color-nr-29\/","title":{"rendered":"Base Color Nr.29"},"content":{"rendered":"<p>Kamuflia\u017ein\u0117 bazin\u0117 danga Crystal Professional nagams dengti ir lyginti.<\/p>\n<p>Savyb\u0117s:<br \/>\n\u2013 Netinka ilg\u0173 nag\u0173 lyginimui be i\u0161ankstinio sustiprinimo<br \/>\n\u2013 Vidutinio tirp\u0161tumo konsistencija<br \/>\n\u2013 Vidutinis kietumas<br \/>\n\u2013 Neteka ir greitai i\u0161silygina<br \/>\n\u2013 U\u017etikrina d\u0117v\u0117jim\u0105 be lupin\u0117jimo 3\u20134 savaites<br \/>\n\u2013 Reikalingas lankstus bazinis sluoksnis po apa\u010dia<br \/>\n\u2013 Gerai dengia nat\u016brali\u0105 nag\u0173 plok\u0161tel\u0119<br \/>\n\u2013 Sutrumpina proced\u016br\u0173 laik\u0105<\/p>\n<p>Naudojimo instrukcija:<br \/>\nPrie\u0161 tepant Base Color, u\u017ed\u0117kite skaidrios baz\u0117s sluoksn\u012f geresniam sukibimui. Ypa\u010d rekomenduojame m\u016bs\u0173 Base Scotch arba Base Rubber. U\u017ed\u0117kite plon\u0105 Base Color sluoksn\u012f ir d\u017eiovinkite 48 W lempoje 60\u201390 sekund\u017ei\u0173. U\u017ed\u0117kite vir\u0161utin\u012f sluoksn\u012f (top\u0105) ir d\u017eiovinkite 90 sekund\u017ei\u0173.<\/p>\n<p>Be HEMA ir TPO \u2013 saugu ir hipoalergi\u0161ka.<\/p>\n<p>*Atkreipkite d\u0117mes\u012f, kad produkto spalva gali skirtis nuo nuotraukos.<\/p>","protected":false},"excerpt":{"rendered":"<p>Kamuflia\u017ein\u0117 spalvota bazin\u0117 danga Crystal Professional. Be HEMA ir TPO.<\/p>","protected":false},"featured_media":30380,"comment_status":"open","ping_status":"closed","template":"","meta":[],"product_brand":[],"product_cat":[38,44],"product_tag":[],"class_list":{"0":"post-30302","1":"product","2":"type-product","3":"status-publish","4":"has-post-thumbnail","6":"product_cat-bazes","7":"product_cat-spalvota","9":"first","10":"instock","11":"shipping-taxable","12":"purchasable","13":"product-type-variable"},"_links":{"self":[{"href":"https:\/\/crystalbykruela.lt\/ru\/wp-json\/wp\/v2\/product\/30302","targetHints":{"allow":["GET"]}}],"collection":[{"href":"https:\/\/crystalbykruela.lt\/ru\/wp-json\/wp\/v2\/product"}],"about":[{"href":"https:\/\/crystalbykruela.lt\/ru\/wp-json\/wp\/v2\/types\/product"}],"replies":[{"embeddable":true,"href":"https:\/\/crystalbykruela.lt\/ru\/wp-json\/wp\/v2\/comments?post=30302"}],"version-history":[{"count":4,"href":"https:\/\/crystalbykruela.lt\/ru\/wp-json\/wp\/v2\/product\/30302\/revisions"}],"predecessor-version":[{"id":30864,"href":"https:\/\/crystalbykruela.lt\/ru\/wp-json\/wp\/v2\/product\/30302\/revisions\/30864"}],"wp:featuredmedia":[{"embeddable":true,"href":"https:\/\/crystalbykruela.lt\/ru\/wp-json\/wp\/v2\/media\/30380"}],"wp:attachment":[{"href":"https:\/\/crystalbykruela.lt\/ru\/wp-json\/wp\/v2\/media?parent=30302"}],"wp:term":[{"taxonomy":"product_brand","embeddable":true,"href":"https:\/\/crystalbykruela.lt\/ru\/wp-json\/wp\/v2\/product_brand?post=30302"},{"taxonomy":"product_cat","embeddable":true,"href":"https:\/\/crystalbykruela.lt\/ru\/wp-json\/wp\/v2\/product_cat?post=30302"},{"taxonomy":"product_tag","embeddable":true,"href":"https:\/\/crystalbykruela.lt\/ru\/wp-json\/wp\/v2\/product_tag?post=30302"}],"curies":[{"name":"wp","href":"https:\/\/api.w.org\/{rel}","templated":true}]}}