{"id":30278,"date":"2026-04-09T22:34:38","date_gmt":"2026-04-09T19:34:38","guid":{"rendered":"https:\/\/crystalbykruela.lt\/?post_type=product&#038;p=30278"},"modified":"2026-04-30T14:49:16","modified_gmt":"2026-04-30T11:49:16","slug":"base-disco-nr-15","status":"publish","type":"product","link":"https:\/\/crystalbykruela.lt\/ru\/product\/base-disco-nr-15\/","title":{"rendered":"Base Disco Nr.15"},"content":{"rendered":"<p>Spalvota bazin\u0117 danga su blizgu\u010di\u0173 efektu Crystal Professional nagams dengti ir puo\u0161ti.<\/p>\n<p>Savyb\u0117s:<br \/>\n\u2013 Ry\u0161kus blizgu\u010di\u0173 efektas<br \/>\n\u2013 Vidutinio tirp\u0161tumo konsistencija<br \/>\n\u2013 Vidutinis kietumas<br \/>\n\u2013 Neteka ir greitai i\u0161silygina<br \/>\n\u2013 U\u017etikrina d\u0117v\u0117jim\u0105 be lupin\u0117jimo 3\u20134 savaites<br \/>\n\u2013 Reikalingas lankstus bazinis sluoksnis po apa\u010dia<br \/>\n\u2013 Suteikia \u0161ventin\u012f ir \u017e\u0117rint\u012f nag\u0173 dizain\u0105<br \/>\n\u2013 Sutrumpina proced\u016br\u0173 laik\u0105<\/p>\n<p>Naudojimo instrukcija:<br \/>\nPrie\u0161 tepant Base Disco, u\u017ed\u0117kite skaidrios baz\u0117s sluoksn\u012f geresniam sukibimui. Ypa\u010d rekomenduojame m\u016bs\u0173 Base Scotch arba Base Rubber. U\u017ed\u0117kite plon\u0105 Base Disco sluoksn\u012f ir d\u017eiovinkite 48 W lempoje 60\u201390 sekund\u017ei\u0173. U\u017ed\u0117kite vir\u0161utin\u012f sluoksn\u012f (top\u0105) ir d\u017eiovinkite 90 sekund\u017ei\u0173.<\/p>\n<p>Be HEMA ir TPO \u2013 saugu ir hipoalergi\u0161ka.<\/p>\n<p>*Atkreipkite d\u0117mes\u012f, kad produkto spalva gali skirtis nuo nuotraukos.<\/p>","protected":false},"excerpt":{"rendered":"<p>Spalvota bazin\u0117 danga su blizgu\u010diais Crystal Professional. Be HEMA ir TPO.<\/p>","protected":false},"featured_media":30372,"comment_status":"open","ping_status":"closed","template":"","meta":[],"product_brand":[],"product_cat":[38,257],"product_tag":[],"class_list":{"0":"post-30278","1":"product","2":"type-product","3":"status-publish","4":"has-post-thumbnail","6":"product_cat-bazes","7":"product_cat-disco","9":"first","10":"instock","11":"shipping-taxable","12":"purchasable","13":"product-type-variable"},"_links":{"self":[{"href":"https:\/\/crystalbykruela.lt\/ru\/wp-json\/wp\/v2\/product\/30278","targetHints":{"allow":["GET"]}}],"collection":[{"href":"https:\/\/crystalbykruela.lt\/ru\/wp-json\/wp\/v2\/product"}],"about":[{"href":"https:\/\/crystalbykruela.lt\/ru\/wp-json\/wp\/v2\/types\/product"}],"replies":[{"embeddable":true,"href":"https:\/\/crystalbykruela.lt\/ru\/wp-json\/wp\/v2\/comments?post=30278"}],"version-history":[{"count":4,"href":"https:\/\/crystalbykruela.lt\/ru\/wp-json\/wp\/v2\/product\/30278\/revisions"}],"predecessor-version":[{"id":30872,"href":"https:\/\/crystalbykruela.lt\/ru\/wp-json\/wp\/v2\/product\/30278\/revisions\/30872"}],"wp:featuredmedia":[{"embeddable":true,"href":"https:\/\/crystalbykruela.lt\/ru\/wp-json\/wp\/v2\/media\/30372"}],"wp:attachment":[{"href":"https:\/\/crystalbykruela.lt\/ru\/wp-json\/wp\/v2\/media?parent=30278"}],"wp:term":[{"taxonomy":"product_brand","embeddable":true,"href":"https:\/\/crystalbykruela.lt\/ru\/wp-json\/wp\/v2\/product_brand?post=30278"},{"taxonomy":"product_cat","embeddable":true,"href":"https:\/\/crystalbykruela.lt\/ru\/wp-json\/wp\/v2\/product_cat?post=30278"},{"taxonomy":"product_tag","embeddable":true,"href":"https:\/\/crystalbykruela.lt\/ru\/wp-json\/wp\/v2\/product_tag?post=30278"}],"curies":[{"name":"wp","href":"https:\/\/api.w.org\/{rel}","templated":true}]}}