{"id":30270,"date":"2026-04-09T22:33:24","date_gmt":"2026-04-09T19:33:24","guid":{"rendered":"https:\/\/crystalbykruela.lt\/?post_type=product&#038;p=30270"},"modified":"2026-04-14T16:40:22","modified_gmt":"2026-04-14T13:40:22","slug":"top-camouflage-nr-1","status":"publish","type":"product","link":"https:\/\/crystalbykruela.lt\/ru\/product\/top-camouflage-nr-1\/","title":{"rendered":"Top Camouflage Nr.1"},"content":{"rendered":"<p>Top Camouflage Nr.1 Crystal Professional \u2013 kamufla\u017einis hibridinis vir\u0161utinis sluoksnis UV\/LED. Suteikia nat\u016bral\u0173 kamuflia\u017ein\u012f atspalv\u012f ir maskuoja nag\u0173 plok\u0161tel\u0117s netobulumus.<\/p>\n<p>Savyb\u0117s:<br \/>\n\u2013 Nat\u016bralus kamufla\u017einis atspalvis<br \/>\n\u2013 Puikus blizgesys ir ilgalaik\u0117 apsauga<br \/>\n\u2013 Maskuoja nag\u0173 plok\u0161tel\u0117s netobulumus<br \/>\n\u2013 Tinka nat\u016braliam ir eleganti\u0161kam nag\u0173 dizainui<br \/>\n\u2013 Lengvai tepamas ir tolygiai pasiskirstantis<\/p>\n<p>Naudojimo instrukcija:<br \/>\nU\u017ed\u0117kite plon\u0105 Top Camouflage sluoksn\u012f ant baz\u0117s arba gelio ir d\u017eiovinkite UV\/LED lempoje 60\u201390 sekund\u017ei\u0173.<\/p>\n<p>Be HEMA ir TPO \u2013 saugu ir hipoalergi\u0161ka.<\/p>\n<p>*Atkreipkite d\u0117mes\u012f, kad produkto spalva gali skirtis nuo nuotraukos.<\/p>","protected":false},"excerpt":{"rendered":"<p>Kamufla\u017einis vir\u0161utinis sluoksnis su nat\u016braliu atspalviu. Be HEMA ir TPO.<\/p>","protected":false},"featured_media":30382,"comment_status":"open","ping_status":"closed","template":"","meta":[],"product_brand":[],"product_cat":[266,39],"product_tag":[],"class_list":{"0":"post-30270","1":"product","2":"type-product","3":"status-publish","4":"has-post-thumbnail","6":"product_cat-camouflage","7":"product_cat-topai","9":"first","10":"instock","11":"shipping-taxable","12":"product-type-simple"},"_links":{"self":[{"href":"https:\/\/crystalbykruela.lt\/ru\/wp-json\/wp\/v2\/product\/30270","targetHints":{"allow":["GET"]}}],"collection":[{"href":"https:\/\/crystalbykruela.lt\/ru\/wp-json\/wp\/v2\/product"}],"about":[{"href":"https:\/\/crystalbykruela.lt\/ru\/wp-json\/wp\/v2\/types\/product"}],"replies":[{"embeddable":true,"href":"https:\/\/crystalbykruela.lt\/ru\/wp-json\/wp\/v2\/comments?post=30270"}],"version-history":[{"count":4,"href":"https:\/\/crystalbykruela.lt\/ru\/wp-json\/wp\/v2\/product\/30270\/revisions"}],"predecessor-version":[{"id":30877,"href":"https:\/\/crystalbykruela.lt\/ru\/wp-json\/wp\/v2\/product\/30270\/revisions\/30877"}],"wp:featuredmedia":[{"embeddable":true,"href":"https:\/\/crystalbykruela.lt\/ru\/wp-json\/wp\/v2\/media\/30382"}],"wp:attachment":[{"href":"https:\/\/crystalbykruela.lt\/ru\/wp-json\/wp\/v2\/media?parent=30270"}],"wp:term":[{"taxonomy":"product_brand","embeddable":true,"href":"https:\/\/crystalbykruela.lt\/ru\/wp-json\/wp\/v2\/product_brand?post=30270"},{"taxonomy":"product_cat","embeddable":true,"href":"https:\/\/crystalbykruela.lt\/ru\/wp-json\/wp\/v2\/product_cat?post=30270"},{"taxonomy":"product_tag","embeddable":true,"href":"https:\/\/crystalbykruela.lt\/ru\/wp-json\/wp\/v2\/product_tag?post=30270"}],"curies":[{"name":"wp","href":"https:\/\/api.w.org\/{rel}","templated":true}]}}