{"id":30269,"date":"2026-04-09T22:33:24","date_gmt":"2026-04-09T19:33:24","guid":{"rendered":"https:\/\/crystalbykruela.lt\/?post_type=product&#038;p=30269"},"modified":"2026-04-30T17:44:00","modified_gmt":"2026-04-30T14:44:00","slug":"top-classic-no-wipe-no-uv-filters","status":"publish","type":"product","link":"https:\/\/crystalbykruela.lt\/ru\/product\/top-classic-no-wipe-no-uv-filters\/","title":{"rendered":"Top Classic No Wipe (No UV-Filters)"},"content":{"rendered":"<p>Top Classic No Wipe Crystal Professional \u2013 klasikinis vir\u0161utinis sluoksnis be lipnaus sluoksnio ir be UV filtr\u0173. Suteikia puik\u0173 blizges\u012f ir apsaugo maniki\u016br\u0105.<\/p>\n<p>Be HEMA ir TPO \u2013 saugu ir hipoalergi\u0161ka. D\u017eiovinkite UV\/LED lempoje.<\/p>\n<p>*Atkreipkite d\u0117mes\u012f, kad produkto spalva gali skirtis nuo nuotraukos.<\/p>","protected":false},"excerpt":{"rendered":"<p>Klasikinis topas be lipnaus sluoksnio, be UV filtr\u0173. Be HEMA ir TPO.<\/p>","protected":false},"featured_media":30381,"comment_status":"open","ping_status":"closed","template":"","meta":[],"product_brand":[],"product_cat":[49,39],"product_tag":[],"class_list":{"0":"post-30269","1":"product","2":"type-product","3":"status-publish","4":"has-post-thumbnail","6":"product_cat-classic-no-wipe","7":"product_cat-topai","9":"first","10":"instock","11":"shipping-taxable","12":"purchasable","13":"product-type-variable","14":"has-default-attributes"},"_links":{"self":[{"href":"https:\/\/crystalbykruela.lt\/ru\/wp-json\/wp\/v2\/product\/30269","targetHints":{"allow":["GET"]}}],"collection":[{"href":"https:\/\/crystalbykruela.lt\/ru\/wp-json\/wp\/v2\/product"}],"about":[{"href":"https:\/\/crystalbykruela.lt\/ru\/wp-json\/wp\/v2\/types\/product"}],"replies":[{"embeddable":true,"href":"https:\/\/crystalbykruela.lt\/ru\/wp-json\/wp\/v2\/comments?post=30269"}],"version-history":[{"count":4,"href":"https:\/\/crystalbykruela.lt\/ru\/wp-json\/wp\/v2\/product\/30269\/revisions"}],"predecessor-version":[{"id":30878,"href":"https:\/\/crystalbykruela.lt\/ru\/wp-json\/wp\/v2\/product\/30269\/revisions\/30878"}],"wp:featuredmedia":[{"embeddable":true,"href":"https:\/\/crystalbykruela.lt\/ru\/wp-json\/wp\/v2\/media\/30381"}],"wp:attachment":[{"href":"https:\/\/crystalbykruela.lt\/ru\/wp-json\/wp\/v2\/media?parent=30269"}],"wp:term":[{"taxonomy":"product_brand","embeddable":true,"href":"https:\/\/crystalbykruela.lt\/ru\/wp-json\/wp\/v2\/product_brand?post=30269"},{"taxonomy":"product_cat","embeddable":true,"href":"https:\/\/crystalbykruela.lt\/ru\/wp-json\/wp\/v2\/product_cat?post=30269"},{"taxonomy":"product_tag","embeddable":true,"href":"https:\/\/crystalbykruela.lt\/ru\/wp-json\/wp\/v2\/product_tag?post=30269"}],"curies":[{"name":"wp","href":"https:\/\/api.w.org\/{rel}","templated":true}]}}