{"id":30267,"date":"2026-04-09T22:33:23","date_gmt":"2026-04-09T19:33:23","guid":{"rendered":"https:\/\/crystalbykruela.lt\/?post_type=product&#038;p=30267"},"modified":"2026-04-14T16:40:22","modified_gmt":"2026-04-14T13:40:22","slug":"top-matt-crystal-professional-12ml","status":"publish","type":"product","link":"https:\/\/crystalbykruela.lt\/ru\/product\/top-matt-crystal-professional-12ml\/","title":{"rendered":"Top Matt Crystal Professional 12ml"},"content":{"rendered":"<p>Top Matt Crystal Professional \u2013 matinis vir\u0161utinis sluoksnis be lipnaus sluoksnio. Suteikia aksomin\u012f matin\u012f efekt\u0105 ir apsaugo maniki\u016br\u0105.<\/p>\n<p>Savyb\u0117s:<br \/>\n\u2013 Aksominis matinis efektas<br \/>\n\u2013 Be lipnaus sluoksnio \u2013 nereikia \u0161alinti dispersijos<br \/>\n\u2013 Ilgalaik\u0117 apsauga ir patvarumas<br \/>\n\u2013 Tinka derinimui su blizgiu topu k\u016brybiniuose dizainuose<br \/>\n\u2013 Lengvai tepamas ir tolygiai pasiskirstantis<\/p>\n<p>Naudojimo instrukcija:<br \/>\nU\u017ed\u0117kite plon\u0105 Top Matt sluoksn\u012f ant baz\u0117s arba gelio ir d\u017eiovinkite UV\/LED lempoje 60\u201390 sekund\u017ei\u0173.<\/p>\n<p>Be HEMA ir TPO \u2013 saugu ir hipoalergi\u0161ka.<\/p>\n<p>*Atkreipkite d\u0117mes\u012f, kad produkto spalva gali skirtis nuo nuotraukos.<\/p>","protected":false},"excerpt":{"rendered":"<p>Matinis vir\u0161utinis sluoksnis be lipnaus sluoksnio. Be HEMA ir TPO.<\/p>","protected":false},"featured_media":30361,"comment_status":"open","ping_status":"closed","template":"","meta":[],"product_brand":[],"product_cat":[265,39],"product_tag":[],"class_list":{"0":"post-30267","1":"product","2":"type-product","3":"status-publish","4":"has-post-thumbnail","6":"product_cat-matt","7":"product_cat-topai","9":"first","10":"instock","11":"shipping-taxable","12":"purchasable","13":"product-type-simple"},"_links":{"self":[{"href":"https:\/\/crystalbykruela.lt\/ru\/wp-json\/wp\/v2\/product\/30267","targetHints":{"allow":["GET"]}}],"collection":[{"href":"https:\/\/crystalbykruela.lt\/ru\/wp-json\/wp\/v2\/product"}],"about":[{"href":"https:\/\/crystalbykruela.lt\/ru\/wp-json\/wp\/v2\/types\/product"}],"replies":[{"embeddable":true,"href":"https:\/\/crystalbykruela.lt\/ru\/wp-json\/wp\/v2\/comments?post=30267"}],"version-history":[{"count":5,"href":"https:\/\/crystalbykruela.lt\/ru\/wp-json\/wp\/v2\/product\/30267\/revisions"}],"predecessor-version":[{"id":30880,"href":"https:\/\/crystalbykruela.lt\/ru\/wp-json\/wp\/v2\/product\/30267\/revisions\/30880"}],"wp:featuredmedia":[{"embeddable":true,"href":"https:\/\/crystalbykruela.lt\/ru\/wp-json\/wp\/v2\/media\/30361"}],"wp:attachment":[{"href":"https:\/\/crystalbykruela.lt\/ru\/wp-json\/wp\/v2\/media?parent=30267"}],"wp:term":[{"taxonomy":"product_brand","embeddable":true,"href":"https:\/\/crystalbykruela.lt\/ru\/wp-json\/wp\/v2\/product_brand?post=30267"},{"taxonomy":"product_cat","embeddable":true,"href":"https:\/\/crystalbykruela.lt\/ru\/wp-json\/wp\/v2\/product_cat?post=30267"},{"taxonomy":"product_tag","embeddable":true,"href":"https:\/\/crystalbykruela.lt\/ru\/wp-json\/wp\/v2\/product_tag?post=30267"}],"curies":[{"name":"wp","href":"https:\/\/api.w.org\/{rel}","templated":true}]}}