{"id":30266,"date":"2026-04-09T22:33:22","date_gmt":"2026-04-09T19:33:22","guid":{"rendered":"https:\/\/crystalbykruela.lt\/?post_type=product&#038;p=30266"},"modified":"2026-04-30T14:49:06","modified_gmt":"2026-04-30T11:49:06","slug":"top-ultra-matt-crystal-professional","status":"publish","type":"product","link":"https:\/\/crystalbykruela.lt\/ru\/product\/top-ultra-matt-crystal-professional\/","title":{"rendered":"Top ULTRA Matt Crystal Professional"},"content":{"rendered":"<p>Top ULTRA Matt Crystal Professional \u2013 itin matinis vir\u0161utinis sluoksnis be lipnaus sluoksnio. Suteikia intensyv\u0173 aksomin\u012f matin\u012f efekt\u0105, stipresn\u012f nei klasikinis Matt topas.<\/p>\n<p>Savyb\u0117s:<br \/>\n\u2013 Intensyvus ultra matinis efektas<br \/>\n\u2013 Be lipnaus sluoksnio \u2013 nereikia \u0161alinti dispersijos<br \/>\n\u2013 Ilgalaik\u0117 apsauga ir patvarumas<br \/>\n\u2013 Tinka derinimui su blizgiu topu k\u016brybiniuose dizainuose<br \/>\n\u2013 Stipresnis matinis efektas nei Top Matt<\/p>\n<p>Naudojimo instrukcija:<br \/>\nU\u017ed\u0117kite plon\u0105 Top ULTRA Matt sluoksn\u012f ant baz\u0117s arba gelio ir d\u017eiovinkite UV\/LED lempoje 60\u201390 sekund\u017ei\u0173.<\/p>\n<p>Be HEMA ir TPO \u2013 saugu ir hipoalergi\u0161ka.<\/p>\n<p>*Atkreipkite d\u0117mes\u012f, kad produkto spalva gali skirtis nuo nuotraukos.<\/p>","protected":false},"excerpt":{"rendered":"<p>Itin matinis vir\u0161utinis sluoksnis be lipnaus sluoksnio. Be HEMA ir TPO.<\/p>","protected":false},"featured_media":30360,"comment_status":"open","ping_status":"closed","template":"","meta":[],"product_brand":[],"product_cat":[265,39],"product_tag":[],"class_list":{"0":"post-30266","1":"product","2":"type-product","3":"status-publish","4":"has-post-thumbnail","6":"product_cat-matt","7":"product_cat-topai","9":"first","10":"instock","11":"shipping-taxable","12":"product-type-simple"},"_links":{"self":[{"href":"https:\/\/crystalbykruela.lt\/ru\/wp-json\/wp\/v2\/product\/30266","targetHints":{"allow":["GET"]}}],"collection":[{"href":"https:\/\/crystalbykruela.lt\/ru\/wp-json\/wp\/v2\/product"}],"about":[{"href":"https:\/\/crystalbykruela.lt\/ru\/wp-json\/wp\/v2\/types\/product"}],"replies":[{"embeddable":true,"href":"https:\/\/crystalbykruela.lt\/ru\/wp-json\/wp\/v2\/comments?post=30266"}],"version-history":[{"count":4,"href":"https:\/\/crystalbykruela.lt\/ru\/wp-json\/wp\/v2\/product\/30266\/revisions"}],"predecessor-version":[{"id":30881,"href":"https:\/\/crystalbykruela.lt\/ru\/wp-json\/wp\/v2\/product\/30266\/revisions\/30881"}],"wp:featuredmedia":[{"embeddable":true,"href":"https:\/\/crystalbykruela.lt\/ru\/wp-json\/wp\/v2\/media\/30360"}],"wp:attachment":[{"href":"https:\/\/crystalbykruela.lt\/ru\/wp-json\/wp\/v2\/media?parent=30266"}],"wp:term":[{"taxonomy":"product_brand","embeddable":true,"href":"https:\/\/crystalbykruela.lt\/ru\/wp-json\/wp\/v2\/product_brand?post=30266"},{"taxonomy":"product_cat","embeddable":true,"href":"https:\/\/crystalbykruela.lt\/ru\/wp-json\/wp\/v2\/product_cat?post=30266"},{"taxonomy":"product_tag","embeddable":true,"href":"https:\/\/crystalbykruela.lt\/ru\/wp-json\/wp\/v2\/product_tag?post=30266"}],"curies":[{"name":"wp","href":"https:\/\/api.w.org\/{rel}","templated":true}]}}