{"id":30238,"date":"2026-04-09T22:09:26","date_gmt":"2026-04-09T19:09:26","guid":{"rendered":"https:\/\/crystalbykruela.lt\/?post_type=product&#038;p=30238"},"modified":"2026-04-14T16:40:22","modified_gmt":"2026-04-14T13:40:22","slug":"base-shimmer-nr-16-12ml","status":"publish","type":"product","link":"https:\/\/crystalbykruela.lt\/ru\/product\/base-shimmer-nr-16-12ml\/","title":{"rendered":"Base Shimmer Nr.16 12ml"},"content":{"rendered":"<p>Dekoratyvin\u0117 bazin\u0117 danga su \u0161imero efektu. Be HEMA ir TPO.<\/p>\n<p>*Atkreipkite d\u0117mes\u012f, kad produkto spalva gali skirtis nuo nuotraukos.<\/p>","protected":false},"excerpt":{"rendered":"<p>Dekoratyvin\u0117 bazin\u0117 danga su \u0161imero efektu. Be HEMA ir TPO.<\/p>","protected":false},"featured_media":30239,"comment_status":"open","ping_status":"closed","template":"","meta":[],"product_brand":[],"product_cat":[38,258],"product_tag":[],"class_list":{"0":"post-30238","1":"product","2":"type-product","3":"status-publish","4":"has-post-thumbnail","6":"product_cat-bazes","7":"product_cat-shimmer","9":"first","10":"instock","11":"shipping-taxable","12":"purchasable","13":"product-type-simple"},"_links":{"self":[{"href":"https:\/\/crystalbykruela.lt\/ru\/wp-json\/wp\/v2\/product\/30238","targetHints":{"allow":["GET"]}}],"collection":[{"href":"https:\/\/crystalbykruela.lt\/ru\/wp-json\/wp\/v2\/product"}],"about":[{"href":"https:\/\/crystalbykruela.lt\/ru\/wp-json\/wp\/v2\/types\/product"}],"replies":[{"embeddable":true,"href":"https:\/\/crystalbykruela.lt\/ru\/wp-json\/wp\/v2\/comments?post=30238"}],"version-history":[{"count":4,"href":"https:\/\/crystalbykruela.lt\/ru\/wp-json\/wp\/v2\/product\/30238\/revisions"}],"predecessor-version":[{"id":30889,"href":"https:\/\/crystalbykruela.lt\/ru\/wp-json\/wp\/v2\/product\/30238\/revisions\/30889"}],"wp:featuredmedia":[{"embeddable":true,"href":"https:\/\/crystalbykruela.lt\/ru\/wp-json\/wp\/v2\/media\/30239"}],"wp:attachment":[{"href":"https:\/\/crystalbykruela.lt\/ru\/wp-json\/wp\/v2\/media?parent=30238"}],"wp:term":[{"taxonomy":"product_brand","embeddable":true,"href":"https:\/\/crystalbykruela.lt\/ru\/wp-json\/wp\/v2\/product_brand?post=30238"},{"taxonomy":"product_cat","embeddable":true,"href":"https:\/\/crystalbykruela.lt\/ru\/wp-json\/wp\/v2\/product_cat?post=30238"},{"taxonomy":"product_tag","embeddable":true,"href":"https:\/\/crystalbykruela.lt\/ru\/wp-json\/wp\/v2\/product_tag?post=30238"}],"curies":[{"name":"wp","href":"https:\/\/api.w.org\/{rel}","templated":true}]}}