{"id":30222,"date":"2026-04-09T22:09:15","date_gmt":"2026-04-09T19:09:15","guid":{"rendered":"https:\/\/crystalbykruela.lt\/?post_type=product&#038;p=30222"},"modified":"2026-04-30T14:49:06","modified_gmt":"2026-04-30T11:49:06","slug":"deimantinis-frezeris-rutulys-nr-15-melynas-pjuvis-vidutinis-3-5mm-2","status":"publish","type":"product","link":"https:\/\/crystalbykruela.lt\/ru\/product\/deimantinis-frezeris-rutulys-nr-15-melynas-pjuvis-vidutinis-3-5mm-2\/","title":{"rendered":"Deimantinis frezeris \u2013 rutulys Nr.15 m\u0117lynas pj\u016bvis (vidutinis), 3.5mm"},"content":{"rendered":"<p>Deimantinis rutulio formos frezeris maniki\u016brui. Crystal Professional.<\/p>\n<p>*Atkreipkite d\u0117mes\u012f, kad produkto spalva gali skirtis nuo nuotraukos.<\/p>","protected":false},"excerpt":{"rendered":"<p>Deimantinis rutulio formos frezeris maniki\u016brui. Crystal Professional.<\/p>","protected":false},"featured_media":30223,"comment_status":"open","ping_status":"closed","template":"","meta":[],"product_brand":[],"product_cat":[52,41],"product_tag":[],"class_list":{"0":"post-30222","1":"product","2":"type-product","3":"status-publish","4":"has-post-thumbnail","6":"product_cat-deimantinis-frezeris","7":"product_cat-frezos","9":"first","10":"instock","11":"shipping-taxable","12":"purchasable","13":"product-type-simple"},"_links":{"self":[{"href":"https:\/\/crystalbykruela.lt\/ru\/wp-json\/wp\/v2\/product\/30222","targetHints":{"allow":["GET"]}}],"collection":[{"href":"https:\/\/crystalbykruela.lt\/ru\/wp-json\/wp\/v2\/product"}],"about":[{"href":"https:\/\/crystalbykruela.lt\/ru\/wp-json\/wp\/v2\/types\/product"}],"replies":[{"embeddable":true,"href":"https:\/\/crystalbykruela.lt\/ru\/wp-json\/wp\/v2\/comments?post=30222"}],"version-history":[{"count":3,"href":"https:\/\/crystalbykruela.lt\/ru\/wp-json\/wp\/v2\/product\/30222\/revisions"}],"predecessor-version":[{"id":30899,"href":"https:\/\/crystalbykruela.lt\/ru\/wp-json\/wp\/v2\/product\/30222\/revisions\/30899"}],"wp:featuredmedia":[{"embeddable":true,"href":"https:\/\/crystalbykruela.lt\/ru\/wp-json\/wp\/v2\/media\/30223"}],"wp:attachment":[{"href":"https:\/\/crystalbykruela.lt\/ru\/wp-json\/wp\/v2\/media?parent=30222"}],"wp:term":[{"taxonomy":"product_brand","embeddable":true,"href":"https:\/\/crystalbykruela.lt\/ru\/wp-json\/wp\/v2\/product_brand?post=30222"},{"taxonomy":"product_cat","embeddable":true,"href":"https:\/\/crystalbykruela.lt\/ru\/wp-json\/wp\/v2\/product_cat?post=30222"},{"taxonomy":"product_tag","embeddable":true,"href":"https:\/\/crystalbykruela.lt\/ru\/wp-json\/wp\/v2\/product_tag?post=30222"}],"curies":[{"name":"wp","href":"https:\/\/api.w.org\/{rel}","templated":true}]}}