{"id":30218,"date":"2026-04-09T22:09:12","date_gmt":"2026-04-09T19:09:12","guid":{"rendered":"https:\/\/crystalbykruela.lt\/?post_type=product&#038;p=30218"},"modified":"2026-04-30T14:51:25","modified_gmt":"2026-04-30T11:51:25","slug":"deimantinis-frezeris-rutulys-nr-05-raudonas-pjuvis-svelnus-3-5mm-2","status":"publish","type":"product","link":"https:\/\/crystalbykruela.lt\/ru\/product\/deimantinis-frezeris-rutulys-nr-05-raudonas-pjuvis-svelnus-3-5mm-2\/","title":{"rendered":"Deimantinis frezeris \u2013 rutulys Nr.05 raudonas pj\u016bvis (\u0161velnus), 3.5mm"},"content":{"rendered":"<p>Deimantinis rutulio formos frezeris maniki\u016brui. Crystal Professional.<\/p>\n<p>*Atkreipkite d\u0117mes\u012f, kad produkto spalva gali skirtis nuo nuotraukos.<\/p>","protected":false},"excerpt":{"rendered":"<p>Deimantinis rutulio formos frezeris maniki\u016brui. Crystal Professional.<\/p>","protected":false},"featured_media":30219,"comment_status":"open","ping_status":"closed","template":"","meta":[],"product_brand":[],"product_cat":[52,41],"product_tag":[],"class_list":{"0":"post-30218","1":"product","2":"type-product","3":"status-publish","4":"has-post-thumbnail","6":"product_cat-deimantinis-frezeris","7":"product_cat-frezos","9":"first","10":"instock","11":"shipping-taxable","12":"purchasable","13":"product-type-simple"},"_links":{"self":[{"href":"https:\/\/crystalbykruela.lt\/ru\/wp-json\/wp\/v2\/product\/30218","targetHints":{"allow":["GET"]}}],"collection":[{"href":"https:\/\/crystalbykruela.lt\/ru\/wp-json\/wp\/v2\/product"}],"about":[{"href":"https:\/\/crystalbykruela.lt\/ru\/wp-json\/wp\/v2\/types\/product"}],"replies":[{"embeddable":true,"href":"https:\/\/crystalbykruela.lt\/ru\/wp-json\/wp\/v2\/comments?post=30218"}],"version-history":[{"count":3,"href":"https:\/\/crystalbykruela.lt\/ru\/wp-json\/wp\/v2\/product\/30218\/revisions"}],"predecessor-version":[{"id":30901,"href":"https:\/\/crystalbykruela.lt\/ru\/wp-json\/wp\/v2\/product\/30218\/revisions\/30901"}],"wp:featuredmedia":[{"embeddable":true,"href":"https:\/\/crystalbykruela.lt\/ru\/wp-json\/wp\/v2\/media\/30219"}],"wp:attachment":[{"href":"https:\/\/crystalbykruela.lt\/ru\/wp-json\/wp\/v2\/media?parent=30218"}],"wp:term":[{"taxonomy":"product_brand","embeddable":true,"href":"https:\/\/crystalbykruela.lt\/ru\/wp-json\/wp\/v2\/product_brand?post=30218"},{"taxonomy":"product_cat","embeddable":true,"href":"https:\/\/crystalbykruela.lt\/ru\/wp-json\/wp\/v2\/product_cat?post=30218"},{"taxonomy":"product_tag","embeddable":true,"href":"https:\/\/crystalbykruela.lt\/ru\/wp-json\/wp\/v2\/product_tag?post=30218"}],"curies":[{"name":"wp","href":"https:\/\/api.w.org\/{rel}","templated":true}]}}