{"id":30216,"date":"2026-04-09T22:09:10","date_gmt":"2026-04-09T19:09:10","guid":{"rendered":"https:\/\/crystalbykruela.lt\/?post_type=product&#038;p=30216"},"modified":"2026-04-30T14:51:26","modified_gmt":"2026-04-30T11:51:26","slug":"deimantinis-frezeris-liepsna-nr-14-melynas-pjuvis-vidutinis-2-1mm-2","status":"publish","type":"product","link":"https:\/\/crystalbykruela.lt\/ru\/product\/deimantinis-frezeris-liepsna-nr-14-melynas-pjuvis-vidutinis-2-1mm-2\/","title":{"rendered":"Deimantinis frezeris \u2013 liepsna Nr.14 m\u0117lynas pj\u016bvis (vidutinis), 2.1mm"},"content":{"rendered":"<p>Deimantinis liepsnos formos frezeris maniki\u016brui. Crystal Professional.<\/p>\n<p>*Atkreipkite d\u0117mes\u012f, kad produkto spalva gali skirtis nuo nuotraukos.<\/p>","protected":false},"excerpt":{"rendered":"<p>Deimantinis liepsnos formos frezeris maniki\u016brui. Crystal Professional.<\/p>","protected":false},"featured_media":30217,"comment_status":"open","ping_status":"closed","template":"","meta":[],"product_brand":[],"product_cat":[52,41],"product_tag":[],"class_list":{"0":"post-30216","1":"product","2":"type-product","3":"status-publish","4":"has-post-thumbnail","6":"product_cat-deimantinis-frezeris","7":"product_cat-frezos","9":"first","10":"instock","11":"shipping-taxable","12":"purchasable","13":"product-type-simple"},"_links":{"self":[{"href":"https:\/\/crystalbykruela.lt\/ru\/wp-json\/wp\/v2\/product\/30216","targetHints":{"allow":["GET"]}}],"collection":[{"href":"https:\/\/crystalbykruela.lt\/ru\/wp-json\/wp\/v2\/product"}],"about":[{"href":"https:\/\/crystalbykruela.lt\/ru\/wp-json\/wp\/v2\/types\/product"}],"replies":[{"embeddable":true,"href":"https:\/\/crystalbykruela.lt\/ru\/wp-json\/wp\/v2\/comments?post=30216"}],"version-history":[{"count":3,"href":"https:\/\/crystalbykruela.lt\/ru\/wp-json\/wp\/v2\/product\/30216\/revisions"}],"predecessor-version":[{"id":30902,"href":"https:\/\/crystalbykruela.lt\/ru\/wp-json\/wp\/v2\/product\/30216\/revisions\/30902"}],"wp:featuredmedia":[{"embeddable":true,"href":"https:\/\/crystalbykruela.lt\/ru\/wp-json\/wp\/v2\/media\/30217"}],"wp:attachment":[{"href":"https:\/\/crystalbykruela.lt\/ru\/wp-json\/wp\/v2\/media?parent=30216"}],"wp:term":[{"taxonomy":"product_brand","embeddable":true,"href":"https:\/\/crystalbykruela.lt\/ru\/wp-json\/wp\/v2\/product_brand?post=30216"},{"taxonomy":"product_cat","embeddable":true,"href":"https:\/\/crystalbykruela.lt\/ru\/wp-json\/wp\/v2\/product_cat?post=30216"},{"taxonomy":"product_tag","embeddable":true,"href":"https:\/\/crystalbykruela.lt\/ru\/wp-json\/wp\/v2\/product_tag?post=30216"}],"curies":[{"name":"wp","href":"https:\/\/api.w.org\/{rel}","templated":true}]}}