{"id":30210,"date":"2026-04-09T22:09:06","date_gmt":"2026-04-09T19:09:06","guid":{"rendered":"https:\/\/crystalbykruela.lt\/?post_type=product&#038;p=30210"},"modified":"2026-04-30T14:49:06","modified_gmt":"2026-04-30T11:49:06","slug":"karbidinis-frezeris-suapvalintas-kugis-nr-03-melynas-pjuvis-vidutinis-5-0mm-2","status":"publish","type":"product","link":"https:\/\/crystalbykruela.lt\/ru\/product\/karbidinis-frezeris-suapvalintas-kugis-nr-03-melynas-pjuvis-vidutinis-5-0mm-2\/","title":{"rendered":"Karbidinis frezeris \u2013 suapvalintas k\u016bgis Nr.03 m\u0117lynas pj\u016bvis (vidutinis), 5.0mm"},"content":{"rendered":"<p>Karbidinis frezeris maniki\u016brui. Crystal Professional.<\/p>\n<p>*Atkreipkite d\u0117mes\u012f, kad produkto spalva gali skirtis nuo nuotraukos.<\/p>","protected":false},"excerpt":{"rendered":"<p>Karbidinis frezeris maniki\u016brui. Crystal Professional.<\/p>","protected":false},"featured_media":30211,"comment_status":"open","ping_status":"closed","template":"","meta":[],"product_brand":[],"product_cat":[41,51],"product_tag":[],"class_list":{"0":"post-30210","1":"product","2":"type-product","3":"status-publish","4":"has-post-thumbnail","6":"product_cat-frezos","7":"product_cat-karbidinis-frezeris","9":"first","10":"instock","11":"shipping-taxable","12":"purchasable","13":"product-type-simple"},"_links":{"self":[{"href":"https:\/\/crystalbykruela.lt\/ru\/wp-json\/wp\/v2\/product\/30210","targetHints":{"allow":["GET"]}}],"collection":[{"href":"https:\/\/crystalbykruela.lt\/ru\/wp-json\/wp\/v2\/product"}],"about":[{"href":"https:\/\/crystalbykruela.lt\/ru\/wp-json\/wp\/v2\/types\/product"}],"replies":[{"embeddable":true,"href":"https:\/\/crystalbykruela.lt\/ru\/wp-json\/wp\/v2\/comments?post=30210"}],"version-history":[{"count":3,"href":"https:\/\/crystalbykruela.lt\/ru\/wp-json\/wp\/v2\/product\/30210\/revisions"}],"predecessor-version":[{"id":30905,"href":"https:\/\/crystalbykruela.lt\/ru\/wp-json\/wp\/v2\/product\/30210\/revisions\/30905"}],"wp:featuredmedia":[{"embeddable":true,"href":"https:\/\/crystalbykruela.lt\/ru\/wp-json\/wp\/v2\/media\/30211"}],"wp:attachment":[{"href":"https:\/\/crystalbykruela.lt\/ru\/wp-json\/wp\/v2\/media?parent=30210"}],"wp:term":[{"taxonomy":"product_brand","embeddable":true,"href":"https:\/\/crystalbykruela.lt\/ru\/wp-json\/wp\/v2\/product_brand?post=30210"},{"taxonomy":"product_cat","embeddable":true,"href":"https:\/\/crystalbykruela.lt\/ru\/wp-json\/wp\/v2\/product_cat?post=30210"},{"taxonomy":"product_tag","embeddable":true,"href":"https:\/\/crystalbykruela.lt\/ru\/wp-json\/wp\/v2\/product_tag?post=30210"}],"curies":[{"name":"wp","href":"https:\/\/api.w.org\/{rel}","templated":true}]}}