{"id":30208,"date":"2026-04-09T22:09:04","date_gmt":"2026-04-09T19:09:04","guid":{"rendered":"https:\/\/crystalbykruela.lt\/?post_type=product&#038;p=30208"},"modified":"2026-04-22T21:56:22","modified_gmt":"2026-04-22T18:56:22","slug":"karbidinis-frezeris-kugis-nr-08-zalias-pjuvis-siurkstus-5mm","status":"publish","type":"product","link":"https:\/\/crystalbykruela.lt\/ru\/product\/karbidinis-frezeris-kugis-nr-08-zalias-pjuvis-siurkstus-5mm\/","title":{"rendered":"Karbidinis frezeris \u2013 k\u016bgis Nr.08 \u017ealias pj\u016bvis (\u0161iurk\u0161tus), 5.0mm"},"content":{"rendered":"<p>Karbidinis k\u016bgio formos frezeris maniki\u016brui. Crystal Professional.<\/p>\n<p>*Atkreipkite d\u0117mes\u012f, kad produkto spalva gali skirtis nuo nuotraukos.<\/p>","protected":false},"excerpt":{"rendered":"<p>Karbidinis k\u016bgio formos frezeris maniki\u016brui. Crystal Professional.<\/p>","protected":false},"featured_media":30209,"comment_status":"open","ping_status":"closed","template":"","meta":[],"product_brand":[],"product_cat":[41,51],"product_tag":[],"class_list":{"0":"post-30208","1":"product","2":"type-product","3":"status-publish","4":"has-post-thumbnail","6":"product_cat-frezos","7":"product_cat-karbidinis-frezeris","9":"first","10":"instock","11":"shipping-taxable","12":"purchasable","13":"product-type-simple"},"_links":{"self":[{"href":"https:\/\/crystalbykruela.lt\/ru\/wp-json\/wp\/v2\/product\/30208","targetHints":{"allow":["GET"]}}],"collection":[{"href":"https:\/\/crystalbykruela.lt\/ru\/wp-json\/wp\/v2\/product"}],"about":[{"href":"https:\/\/crystalbykruela.lt\/ru\/wp-json\/wp\/v2\/types\/product"}],"replies":[{"embeddable":true,"href":"https:\/\/crystalbykruela.lt\/ru\/wp-json\/wp\/v2\/comments?post=30208"}],"version-history":[{"count":4,"href":"https:\/\/crystalbykruela.lt\/ru\/wp-json\/wp\/v2\/product\/30208\/revisions"}],"predecessor-version":[{"id":31006,"href":"https:\/\/crystalbykruela.lt\/ru\/wp-json\/wp\/v2\/product\/30208\/revisions\/31006"}],"wp:featuredmedia":[{"embeddable":true,"href":"https:\/\/crystalbykruela.lt\/ru\/wp-json\/wp\/v2\/media\/30209"}],"wp:attachment":[{"href":"https:\/\/crystalbykruela.lt\/ru\/wp-json\/wp\/v2\/media?parent=30208"}],"wp:term":[{"taxonomy":"product_brand","embeddable":true,"href":"https:\/\/crystalbykruela.lt\/ru\/wp-json\/wp\/v2\/product_brand?post=30208"},{"taxonomy":"product_cat","embeddable":true,"href":"https:\/\/crystalbykruela.lt\/ru\/wp-json\/wp\/v2\/product_cat?post=30208"},{"taxonomy":"product_tag","embeddable":true,"href":"https:\/\/crystalbykruela.lt\/ru\/wp-json\/wp\/v2\/product_tag?post=30208"}],"curies":[{"name":"wp","href":"https:\/\/api.w.org\/{rel}","templated":true}]}}