{"id":29689,"date":"2026-04-02T22:56:46","date_gmt":"2026-04-02T19:56:46","guid":{"rendered":"https:\/\/crystalbykruela.lt\/product\/base-rubber-hema-tpo-free-30ml\/"},"modified":"2026-04-14T16:40:23","modified_gmt":"2026-04-14T13:40:23","slug":"base-rubber-30ml","status":"publish","type":"product","link":"https:\/\/crystalbykruela.lt\/ru\/product\/base-rubber-30ml\/","title":{"rendered":"Base Rubber 30ml"},"content":{"rendered":"<p>Gumin\u0117 bazin\u0117 danga Crystal Professional \u2013 lanksti ir patvari baz\u0117, u\u017etikrinanti puik\u0173 sukibim\u0105 ir apsauganti nagus nuo lupin\u0117jimo.<\/p>\n<p>Be HEMA ir TPO \u2013 saugu ir hipoalergi\u0161ka. D\u017eiovinkite UV\/LED lempoje.<\/p>\n<p>*Atkreipkite d\u0117mes\u012f, kad produkto spalva gali skirtis nuo nuotraukos.<\/p>","protected":false},"excerpt":{"rendered":"<p>Lanksti gumin\u0117 bazin\u0117 danga Crystal Professional. Be HEMA ir TPO.<\/p>","protected":false},"featured_media":29809,"comment_status":"open","ping_status":"closed","template":"","meta":[],"product_brand":[],"product_cat":[67],"product_tag":[],"class_list":{"0":"post-29689","1":"product","2":"type-product","3":"status-publish","4":"has-post-thumbnail","6":"product_cat-gumine","8":"first","9":"instock","10":"purchasable","11":"product-type-simple"},"_links":{"self":[{"href":"https:\/\/crystalbykruela.lt\/ru\/wp-json\/wp\/v2\/product\/29689","targetHints":{"allow":["GET"]}}],"collection":[{"href":"https:\/\/crystalbykruela.lt\/ru\/wp-json\/wp\/v2\/product"}],"about":[{"href":"https:\/\/crystalbykruela.lt\/ru\/wp-json\/wp\/v2\/types\/product"}],"replies":[{"embeddable":true,"href":"https:\/\/crystalbykruela.lt\/ru\/wp-json\/wp\/v2\/comments?post=29689"}],"version-history":[{"count":4,"href":"https:\/\/crystalbykruela.lt\/ru\/wp-json\/wp\/v2\/product\/29689\/revisions"}],"predecessor-version":[{"id":30927,"href":"https:\/\/crystalbykruela.lt\/ru\/wp-json\/wp\/v2\/product\/29689\/revisions\/30927"}],"wp:featuredmedia":[{"embeddable":true,"href":"https:\/\/crystalbykruela.lt\/ru\/wp-json\/wp\/v2\/media\/29809"}],"wp:attachment":[{"href":"https:\/\/crystalbykruela.lt\/ru\/wp-json\/wp\/v2\/media?parent=29689"}],"wp:term":[{"taxonomy":"product_brand","embeddable":true,"href":"https:\/\/crystalbykruela.lt\/ru\/wp-json\/wp\/v2\/product_brand?post=29689"},{"taxonomy":"product_cat","embeddable":true,"href":"https:\/\/crystalbykruela.lt\/ru\/wp-json\/wp\/v2\/product_cat?post=29689"},{"taxonomy":"product_tag","embeddable":true,"href":"https:\/\/crystalbykruela.lt\/ru\/wp-json\/wp\/v2\/product_tag?post=29689"}],"curies":[{"name":"wp","href":"https:\/\/api.w.org\/{rel}","templated":true}]}}