{"id":29681,"date":"2026-04-02T22:56:45","date_gmt":"2026-04-02T19:56:45","guid":{"rendered":"https:\/\/crystalbykruela.lt\/product\/base-moonlight-nr-2-hema-tpo-free-12ml\/"},"modified":"2026-04-30T14:49:15","modified_gmt":"2026-04-30T11:49:15","slug":"base-moonlight-nr-2-12ml","status":"publish","type":"product","link":"https:\/\/crystalbykruela.lt\/ru\/product\/base-moonlight-nr-2-12ml\/","title":{"rendered":"Base Moonlight Nr.2 12ml"},"content":{"rendered":"<p>Bazin\u0117 danga Moonlight Crystal Professional \u2013 unikalaus efekto dekoratyvin\u0117 baz\u0117 su \u0161velni\u0173 \u0161vyt\u0117jimo daleli\u0173 efektais.<\/p>\n<p>Be HEMA ir TPO \u2013 saugu ir hipoalergi\u0161ka. D\u017eiovinkite UV\/LED lempoje.<\/p>\n<p>*Atkreipkite d\u0117mes\u012f, kad produkto spalva gali skirtis nuo nuotraukos.<\/p>","protected":false},"excerpt":{"rendered":"<p>Dekoratyvin\u0117 bazin\u0117 danga su \u0161vyt\u0117jimo efektu. Be HEMA ir TPO.<\/p>","protected":false},"featured_media":30008,"comment_status":"open","ping_status":"closed","template":"","meta":[],"product_brand":[],"product_cat":[38,66],"product_tag":[],"class_list":{"0":"post-29681","1":"product","2":"type-product","3":"status-publish","4":"has-post-thumbnail","6":"product_cat-bazes","7":"product_cat-moonlight","9":"first","10":"instock","11":"purchasable","12":"product-type-simple"},"_links":{"self":[{"href":"https:\/\/crystalbykruela.lt\/ru\/wp-json\/wp\/v2\/product\/29681","targetHints":{"allow":["GET"]}}],"collection":[{"href":"https:\/\/crystalbykruela.lt\/ru\/wp-json\/wp\/v2\/product"}],"about":[{"href":"https:\/\/crystalbykruela.lt\/ru\/wp-json\/wp\/v2\/types\/product"}],"replies":[{"embeddable":true,"href":"https:\/\/crystalbykruela.lt\/ru\/wp-json\/wp\/v2\/comments?post=29681"}],"version-history":[{"count":4,"href":"https:\/\/crystalbykruela.lt\/ru\/wp-json\/wp\/v2\/product\/29681\/revisions"}],"predecessor-version":[{"id":30935,"href":"https:\/\/crystalbykruela.lt\/ru\/wp-json\/wp\/v2\/product\/29681\/revisions\/30935"}],"wp:featuredmedia":[{"embeddable":true,"href":"https:\/\/crystalbykruela.lt\/ru\/wp-json\/wp\/v2\/media\/30008"}],"wp:attachment":[{"href":"https:\/\/crystalbykruela.lt\/ru\/wp-json\/wp\/v2\/media?parent=29681"}],"wp:term":[{"taxonomy":"product_brand","embeddable":true,"href":"https:\/\/crystalbykruela.lt\/ru\/wp-json\/wp\/v2\/product_brand?post=29681"},{"taxonomy":"product_cat","embeddable":true,"href":"https:\/\/crystalbykruela.lt\/ru\/wp-json\/wp\/v2\/product_cat?post=29681"},{"taxonomy":"product_tag","embeddable":true,"href":"https:\/\/crystalbykruela.lt\/ru\/wp-json\/wp\/v2\/product_tag?post=29681"}],"curies":[{"name":"wp","href":"https:\/\/api.w.org\/{rel}","templated":true}]}}