{"id":29663,"date":"2026-04-02T22:56:45","date_gmt":"2026-04-02T19:56:45","guid":{"rendered":"https:\/\/crystalbykruela.lt\/product\/modeliavimo-gelis-nr-14-hema-tpo-free-30ml\/"},"modified":"2026-04-30T10:49:55","modified_gmt":"2026-04-30T07:49:55","slug":"builder-gel-nr-14-30ml","status":"publish","type":"product","link":"https:\/\/crystalbykruela.lt\/ru\/product\/builder-gel-nr-14-30ml\/","title":{"rendered":"Builder Gel Nr.14 30ml"},"content":{"rendered":"<p>Modeliavimo gelis Crystal Professional \u2013 puikiai i\u0161lygina nag\u0173 plok\u0161tel\u0119. Sandariai priglunda prie nag\u0173 pavir\u0161iaus ir neleid\u017eia susidaryti oro burbul\u0117li\u0173.<\/p>\n<p>Savyb\u0117s:<br \/>\n&#8211; Trifazis gelis, tinkamas stiprinimui, modeliavimui ir nag\u0173 ilginimui bet kokio ilgio nagams<br \/>\n&#8211; Pagamintas i\u0161 auk\u0161\u010diausios kokyb\u0117s \u017ealiav\u0173<br \/>\n&#8211; Vidutinio tirp\u0161tumo konsistencija<br \/>\n&#8211; Neteka ir nevarva<br \/>\n&#8211; Puikios i\u0161silyginimo savyb\u0117s<br \/>\n&#8211; Nelupin\u0117ja ir netrupa<br \/>\n&#8211; Nesukelia degimo lempoje<br \/>\n&#8211; Suderinamas su kit\u0173 gamintoj\u0173 produktais<br \/>\n&#8211; Tinka \u201ebe dildymo&#8221; tepimo technikai<\/p>\n<p>Naudojimo instrukcija:<br \/>\nTinkamai paruo\u0161kite nag\u0173 plok\u0161tel\u0119. U\u017ed\u0117kite praimer\u012f geresniam sukibimui. Stiprumui ir ilgalaikiam sukibimui u\u017ed\u0117kite plon\u0105 Scotch arba Rubber baz\u0117s sluoksn\u012f ant viso nag\u0173 pavir\u0161iaus, \u012fskaitant kutikul\u0105 ir \u0161oninius volelius. Atlikite stiprinim\u0105, modeliavim\u0105 arba nag\u0173 ilginim\u0105 pagal kliento poreikius.<\/p>\n<p>Be HEMA ir TPO \u2013 saugu ir hipoalergi\u0161ka.<\/p>\n<p>*Atkreipkite d\u0117mes\u012f, kad produkto spalva gali skirtis nuo nuotraukos.<\/p>","protected":false},"excerpt":{"rendered":"<p>Profesionalus modeliavimo gelis nagams stiprinti ir ilginti. Be HEMA ir TPO.<\/p>","protected":false},"featured_media":2666,"comment_status":"open","ping_status":"closed","template":"","meta":[],"product_brand":[],"product_cat":[37,48],"product_tag":[],"class_list":{"0":"post-29663","1":"product","2":"type-product","3":"status-publish","4":"has-post-thumbnail","6":"product_cat-geliai","7":"product_cat-modeliavimo-gelis","9":"first","10":"instock","11":"purchasable","12":"product-type-simple"},"_links":{"self":[{"href":"https:\/\/crystalbykruela.lt\/ru\/wp-json\/wp\/v2\/product\/29663","targetHints":{"allow":["GET"]}}],"collection":[{"href":"https:\/\/crystalbykruela.lt\/ru\/wp-json\/wp\/v2\/product"}],"about":[{"href":"https:\/\/crystalbykruela.lt\/ru\/wp-json\/wp\/v2\/types\/product"}],"replies":[{"embeddable":true,"href":"https:\/\/crystalbykruela.lt\/ru\/wp-json\/wp\/v2\/comments?post=29663"}],"version-history":[{"count":5,"href":"https:\/\/crystalbykruela.lt\/ru\/wp-json\/wp\/v2\/product\/29663\/revisions"}],"predecessor-version":[{"id":31057,"href":"https:\/\/crystalbykruela.lt\/ru\/wp-json\/wp\/v2\/product\/29663\/revisions\/31057"}],"wp:featuredmedia":[{"embeddable":true,"href":"https:\/\/crystalbykruela.lt\/ru\/wp-json\/wp\/v2\/media\/2666"}],"wp:attachment":[{"href":"https:\/\/crystalbykruela.lt\/ru\/wp-json\/wp\/v2\/media?parent=29663"}],"wp:term":[{"taxonomy":"product_brand","embeddable":true,"href":"https:\/\/crystalbykruela.lt\/ru\/wp-json\/wp\/v2\/product_brand?post=29663"},{"taxonomy":"product_cat","embeddable":true,"href":"https:\/\/crystalbykruela.lt\/ru\/wp-json\/wp\/v2\/product_cat?post=29663"},{"taxonomy":"product_tag","embeddable":true,"href":"https:\/\/crystalbykruela.lt\/ru\/wp-json\/wp\/v2\/product_tag?post=29663"}],"curies":[{"name":"wp","href":"https:\/\/api.w.org\/{rel}","templated":true}]}}