{"id":29622,"date":"2026-04-02T22:56:43","date_gmt":"2026-04-02T19:56:43","guid":{"rendered":"https:\/\/crystalbykruela.lt\/product\/skystasis-akrilo-gelis-nr-19-hema-tpo-free-30ml\/"},"modified":"2026-04-22T21:59:17","modified_gmt":"2026-04-22T18:59:17","slug":"skystasis-akrilo-gelis-nr-19-30ml","status":"publish","type":"product","link":"https:\/\/crystalbykruela.lt\/ru\/product\/skystasis-akrilo-gelis-nr-19-30ml\/","title":{"rendered":"Liquid Acryl gelis Nr.19 30ml"},"content":{"rendered":"<p>Skystasis akrilo gelis Crystal Professional \u2013 tinka vis\u0173 tip\u0173 nagams. Suteikia maniki\u016brui papildomo stiprumo ir ilgalaik\u012f atsparum\u0105. Tekst\u016bra pana\u0161i \u012f stor\u0105 baz\u0119, tod\u0117l lengvai tepamas ir tolygiai pasklinda.<\/p>\n<p>Savyb\u0117s:<br \/>\n&#8211; Trifazis, patogus gelis<br \/>\n&#8211; Tinkamas ploniems ir jautriems nagams<br \/>\n&#8211; Maksimalus ilginimo ilgis \u2013 2<br \/>\n&#8211; Gumin\u0117s baz\u0117s konsistencija, greitai i\u0161silygina<br \/>\n&#8211; Ne per skystas \u2013 tinka dirbti net su ilgais nagais<br \/>\n&#8211; U\u017etikrina d\u0117v\u0117jim\u0105 be nulupimo 3\u20134 savaites<br \/>\n&#8211; Idealus trump\u0173 ir vidutinio ilgio nag\u0173 stiprinimui<br \/>\n&#8211; I\u0161saugo form\u0105 ir palaiko tobul\u0105 strukt\u016br\u0105<br \/>\n&#8211; Stiprinimas, ilginimas, korekcija, rekonstrukcija<br \/>\n&#8211; Tinka \u201ebe dildymo&#8221; technikai<br \/>\n&#8211; Atspalviai su \u0161imeru yra \u0161iek tiek tir\u0161resni<\/p>\n<p>Naudojimo instrukcija:<br \/>\nParuo\u0161kite nag\u0173 plok\u0161tel\u0119 \u012fprastiniu b\u016bdu (maniki\u016bras, buferinimas, nuriebalinimas, u\u017ed\u0117kite Dehydrator ir Ultrabond). Prie\u0161 tepant Liquid Acryl Gel, naudokite skaidri\u0105 lanks\u010di\u0105 baz\u0119 geresniam sukibimui (rekomenduojame Base Scotch arba Base Rubber). Stiprinkite nagus Liquid Acryl Gel. D\u017eiovinkite 60\u201390 sek. esant 48 W galiai. Esant poreikiui, nuvalykite lipn\u0173 sluoksn\u012f ir nudildykite nag\u0173 form\u0105. U\u017ed\u0117kite top\u0105 ir d\u017eiovinkite 90 sek.<\/p>\n<p>Be HEMA ir TPO \u2013 saugu ir hipoalergi\u0161ka.<\/p>\n<p>*Atkreipkite d\u0117mes\u012f, kad produkto spalva gali skirtis nuo nuotraukos.<\/p>","protected":false},"excerpt":{"rendered":"<p>Skystasis akrilo gelis nagams stiprinti ir modeliuoti. Be HEMA ir TPO.<\/p>","protected":false},"featured_media":30053,"comment_status":"open","ping_status":"closed","template":"","meta":[],"product_brand":[],"product_cat":[37,45],"product_tag":[],"class_list":{"0":"post-29622","1":"product","2":"type-product","3":"status-publish","4":"has-post-thumbnail","6":"product_cat-geliai","7":"product_cat-skystasis-akrilo-gelis","9":"first","10":"instock","11":"purchasable","12":"product-type-simple"},"_links":{"self":[{"href":"https:\/\/crystalbykruela.lt\/ru\/wp-json\/wp\/v2\/product\/29622","targetHints":{"allow":["GET"]}}],"collection":[{"href":"https:\/\/crystalbykruela.lt\/ru\/wp-json\/wp\/v2\/product"}],"about":[{"href":"https:\/\/crystalbykruela.lt\/ru\/wp-json\/wp\/v2\/types\/product"}],"replies":[{"embeddable":true,"href":"https:\/\/crystalbykruela.lt\/ru\/wp-json\/wp\/v2\/comments?post=29622"}],"version-history":[{"count":6,"href":"https:\/\/crystalbykruela.lt\/ru\/wp-json\/wp\/v2\/product\/29622\/revisions"}],"predecessor-version":[{"id":31012,"href":"https:\/\/crystalbykruela.lt\/ru\/wp-json\/wp\/v2\/product\/29622\/revisions\/31012"}],"wp:featuredmedia":[{"embeddable":true,"href":"https:\/\/crystalbykruela.lt\/ru\/wp-json\/wp\/v2\/media\/30053"}],"wp:attachment":[{"href":"https:\/\/crystalbykruela.lt\/ru\/wp-json\/wp\/v2\/media?parent=29622"}],"wp:term":[{"taxonomy":"product_brand","embeddable":true,"href":"https:\/\/crystalbykruela.lt\/ru\/wp-json\/wp\/v2\/product_brand?post=29622"},{"taxonomy":"product_cat","embeddable":true,"href":"https:\/\/crystalbykruela.lt\/ru\/wp-json\/wp\/v2\/product_cat?post=29622"},{"taxonomy":"product_tag","embeddable":true,"href":"https:\/\/crystalbykruela.lt\/ru\/wp-json\/wp\/v2\/product_tag?post=29622"}],"curies":[{"name":"wp","href":"https:\/\/api.w.org\/{rel}","templated":true}]}}