{"id":29621,"date":"2026-04-02T22:56:43","date_gmt":"2026-04-02T19:56:43","guid":{"rendered":"https:\/\/crystalbykruela.lt\/product\/modeliavimo-gelis-flower-nr-1-hema-tpo-free-30ml\/"},"modified":"2026-04-30T14:49:13","modified_gmt":"2026-04-30T11:49:13","slug":"builder-gel-flower-nr-1-30ml","status":"publish","type":"product","link":"https:\/\/crystalbykruela.lt\/ru\/product\/builder-gel-flower-nr-1-30ml\/","title":{"rendered":"Builder Gel Flower Nr.1 30ml"},"content":{"rendered":"<p>Modeliavimo gelis Flower Crystal Professional \u2013 dekoratyvinis modeliavimo gelis su blizgu\u010di\u0173 daleli\u0173 efektais.<\/p>\n<p>Savyb\u0117s:<br \/>\n&#8211; Tinka naudoti su vir\u0161utin\u0117mis ir apatin\u0117mis formomis<br \/>\n&#8211; Lengvai dildomas, minimaliai dulka<br \/>\n&#8211; Turi dispersin\u012f (lipn\u0173) sluoksn\u012f<br \/>\n&#8211; Vidutinio tirp\u0161tumo konsistencija<br \/>\n&#8211; \u2757 PASTABA: dekoratyvin\u0117s dalel\u0117s nat\u016braliai nus\u0117da indo dugne. Prie\u0161 kiekvien\u0105 naudojim\u0105 gerai i\u0161mai\u0161ykite<\/p>\n<p>Naudojimo instrukcija:<br \/>\nParuo\u0161kite nag\u0173 plok\u0161tel\u0119 ir u\u017ed\u0117kite praimer\u012f. U\u017ed\u0117kite plon\u0105 baz\u0117s sluoksn\u012f (Scotch arba Rubber) maksimaliam sukibimui. Prie\u0161 tepim\u0105 gerai i\u0161mai\u0161ykite gel\u012f. D\u017eiovinkite LED lempoje 60\u201390 sek. arba UV lempoje 2 min.<\/p>\n<p>Be HEMA ir TPO \u2013 saugu ir hipoalergi\u0161ka.<\/p>\n<p>*Atkreipkite d\u0117mes\u012f, kad produkto spalva gali skirtis nuo nuotraukos.<\/p>","protected":false},"excerpt":{"rendered":"<p>Dekoratyvinis modeliavimo gelis su blizgu\u010di\u0173 efektais. Be HEMA ir TPO.<\/p>","protected":false},"featured_media":30031,"comment_status":"open","ping_status":"closed","template":"","meta":[],"product_brand":[],"product_cat":[37,48,47],"product_tag":[],"class_list":{"0":"post-29621","1":"product","2":"type-product","3":"status-publish","4":"has-post-thumbnail","6":"product_cat-geliai","7":"product_cat-modeliavimo-gelis","8":"product_cat-modeliavimo-gelis-flower","10":"first","11":"outofstock","12":"purchasable","13":"product-type-simple"},"_links":{"self":[{"href":"https:\/\/crystalbykruela.lt\/ru\/wp-json\/wp\/v2\/product\/29621","targetHints":{"allow":["GET"]}}],"collection":[{"href":"https:\/\/crystalbykruela.lt\/ru\/wp-json\/wp\/v2\/product"}],"about":[{"href":"https:\/\/crystalbykruela.lt\/ru\/wp-json\/wp\/v2\/types\/product"}],"replies":[{"embeddable":true,"href":"https:\/\/crystalbykruela.lt\/ru\/wp-json\/wp\/v2\/comments?post=29621"}],"version-history":[{"count":5,"href":"https:\/\/crystalbykruela.lt\/ru\/wp-json\/wp\/v2\/product\/29621\/revisions"}],"predecessor-version":[{"id":31079,"href":"https:\/\/crystalbykruela.lt\/ru\/wp-json\/wp\/v2\/product\/29621\/revisions\/31079"}],"wp:featuredmedia":[{"embeddable":true,"href":"https:\/\/crystalbykruela.lt\/ru\/wp-json\/wp\/v2\/media\/30031"}],"wp:attachment":[{"href":"https:\/\/crystalbykruela.lt\/ru\/wp-json\/wp\/v2\/media?parent=29621"}],"wp:term":[{"taxonomy":"product_brand","embeddable":true,"href":"https:\/\/crystalbykruela.lt\/ru\/wp-json\/wp\/v2\/product_brand?post=29621"},{"taxonomy":"product_cat","embeddable":true,"href":"https:\/\/crystalbykruela.lt\/ru\/wp-json\/wp\/v2\/product_cat?post=29621"},{"taxonomy":"product_tag","embeddable":true,"href":"https:\/\/crystalbykruela.lt\/ru\/wp-json\/wp\/v2\/product_tag?post=29621"}],"curies":[{"name":"wp","href":"https:\/\/api.w.org\/{rel}","templated":true}]}}