{"id":29620,"date":"2026-04-02T22:56:43","date_gmt":"2026-04-02T19:56:43","guid":{"rendered":"https:\/\/crystalbykruela.lt\/product\/top-milk-kamuflazinis-hibridinis-topas-uv-led-hema-tpo-free-30ml\/"},"modified":"2026-04-30T14:49:13","modified_gmt":"2026-04-30T11:49:13","slug":"top-milk-kamuflazinis-hibridinis-topas-uv-led-30ml","status":"publish","type":"product","link":"https:\/\/crystalbykruela.lt\/ru\/product\/top-milk-kamuflazinis-hibridinis-topas-uv-led-30ml\/","title":{"rendered":"Top Milk \u2013 kamufla\u017einis hibridinis topas UV\/LED 30ml"},"content":{"rendered":"<p>Top Milk Crystal Professional \u2013 kamufla\u017einis hibridinis vir\u0161utinis sluoksnis UV\/LED. Suteikia \u0161veln\u0173 pieni\u0161k\u0105 atspalv\u012f ir maskuoja nag\u0173 plok\u0161tel\u0117s netobulumus.<\/p>\n<p>Be HEMA ir TPO \u2013 saugu ir hipoalergi\u0161ka. D\u017eiovinkite UV\/LED lempoje.<\/p>\n<p>*Atkreipkite d\u0117mes\u012f, kad produkto spalva gali skirtis nuo nuotraukos.<\/p>","protected":false},"excerpt":{"rendered":"<p>Kamufla\u017einis hibridinis topas su pieni\u0161ku atspalviu. Be HEMA ir TPO.<\/p>","protected":false},"featured_media":29812,"comment_status":"open","ping_status":"closed","template":"","meta":[],"product_brand":[],"product_cat":[46,39],"product_tag":[],"class_list":{"0":"post-29620","1":"product","2":"type-product","3":"status-publish","4":"has-post-thumbnail","6":"product_cat-milk","7":"product_cat-topai","9":"first","10":"instock","11":"purchasable","12":"product-type-simple"},"_links":{"self":[{"href":"https:\/\/crystalbykruela.lt\/ru\/wp-json\/wp\/v2\/product\/29620","targetHints":{"allow":["GET"]}}],"collection":[{"href":"https:\/\/crystalbykruela.lt\/ru\/wp-json\/wp\/v2\/product"}],"about":[{"href":"https:\/\/crystalbykruela.lt\/ru\/wp-json\/wp\/v2\/types\/product"}],"replies":[{"embeddable":true,"href":"https:\/\/crystalbykruela.lt\/ru\/wp-json\/wp\/v2\/comments?post=29620"}],"version-history":[{"count":4,"href":"https:\/\/crystalbykruela.lt\/ru\/wp-json\/wp\/v2\/product\/29620\/revisions"}],"predecessor-version":[{"id":30979,"href":"https:\/\/crystalbykruela.lt\/ru\/wp-json\/wp\/v2\/product\/29620\/revisions\/30979"}],"wp:featuredmedia":[{"embeddable":true,"href":"https:\/\/crystalbykruela.lt\/ru\/wp-json\/wp\/v2\/media\/29812"}],"wp:attachment":[{"href":"https:\/\/crystalbykruela.lt\/ru\/wp-json\/wp\/v2\/media?parent=29620"}],"wp:term":[{"taxonomy":"product_brand","embeddable":true,"href":"https:\/\/crystalbykruela.lt\/ru\/wp-json\/wp\/v2\/product_brand?post=29620"},{"taxonomy":"product_cat","embeddable":true,"href":"https:\/\/crystalbykruela.lt\/ru\/wp-json\/wp\/v2\/product_cat?post=29620"},{"taxonomy":"product_tag","embeddable":true,"href":"https:\/\/crystalbykruela.lt\/ru\/wp-json\/wp\/v2\/product_tag?post=29620"}],"curies":[{"name":"wp","href":"https:\/\/api.w.org\/{rel}","templated":true}]}}