{"id":29617,"date":"2026-04-02T22:56:42","date_gmt":"2026-04-02T19:56:42","guid":{"rendered":"https:\/\/crystalbykruela.lt\/product\/base-color-nr-12-hema-tpo-free-15ml\/"},"modified":"2026-04-14T16:40:24","modified_gmt":"2026-04-14T13:40:24","slug":"base-color-nr-12-15ml","status":"publish","type":"product","link":"https:\/\/crystalbykruela.lt\/ru\/product\/base-color-nr-12-15ml\/","title":{"rendered":"Base Color Nr.12 15ml"},"content":{"rendered":"<p>Kamufla\u017ein\u0117 bazin\u0117 danga Crystal Professional nagams dengti ir lyginti.<\/p>\n<p>Savyb\u0117s:<br \/>\n&#8211; Netinka ilg\u0173 nag\u0173 lyginimui be i\u0161ankstinio sustiprinimo<br \/>\n&#8211; Vidutinio tirp\u0161tumo konsistencija<br \/>\n&#8211; Vidutinis kietumas<br \/>\n&#8211; Neteka ir greitai i\u0161silygina<br \/>\n&#8211; U\u017etikrina d\u0117v\u0117jim\u0105 be lupin\u0117jimo 3\u20134 savaites<br \/>\n&#8211; Reikalingas lankstus bazinis sluoksnis po apa\u010dia<br \/>\n&#8211; Gerai dengia nat\u016brali\u0105 nag\u0173 plok\u0161tel\u0119<br \/>\n&#8211; Sutrumpina proced\u016br\u0173 laik\u0105<\/p>\n<p>Naudojimo instrukcija:<br \/>\nPrie\u0161 tepant Base Color, u\u017ed\u0117kite skaidrios baz\u0117s sluoksn\u012f geresniam sukibimui. Ypa\u010d rekomenduojame m\u016bs\u0173 Base Scotch arba Base Rubber. U\u017ed\u0117kite plon\u0105 Base Color sluoksn\u012f ir d\u017eiovinkite 48 W lempoje 60\u201390 sekund\u017ei\u0173. U\u017ed\u0117kite vir\u0161utin\u012f sluoksn\u012f (top\u0105) ir d\u017eiovinkite 90 sekund\u017ei\u0173.<\/p>\n<p>Be HEMA ir TPO \u2013 saugu ir hipoalergi\u0161ka.<\/p>\n<p>*Atkreipkite d\u0117mes\u012f, kad produkto spalva gali skirtis nuo nuotraukos.<\/p>","protected":false},"excerpt":{"rendered":"<p>Kamufla\u017ein\u0117 spalvota bazin\u0117 danga Crystal Professional. Be HEMA ir TPO.<\/p>","protected":false},"featured_media":2702,"comment_status":"open","ping_status":"closed","template":"","meta":[],"product_brand":[],"product_cat":[38,44],"product_tag":[],"class_list":{"0":"post-29617","1":"product","2":"type-product","3":"status-publish","4":"has-post-thumbnail","6":"product_cat-bazes","7":"product_cat-spalvota","9":"first","10":"instock","11":"purchasable","12":"product-type-simple"},"_links":{"self":[{"href":"https:\/\/crystalbykruela.lt\/ru\/wp-json\/wp\/v2\/product\/29617","targetHints":{"allow":["GET"]}}],"collection":[{"href":"https:\/\/crystalbykruela.lt\/ru\/wp-json\/wp\/v2\/product"}],"about":[{"href":"https:\/\/crystalbykruela.lt\/ru\/wp-json\/wp\/v2\/types\/product"}],"replies":[{"embeddable":true,"href":"https:\/\/crystalbykruela.lt\/ru\/wp-json\/wp\/v2\/comments?post=29617"}],"version-history":[{"count":4,"href":"https:\/\/crystalbykruela.lt\/ru\/wp-json\/wp\/v2\/product\/29617\/revisions"}],"predecessor-version":[{"id":30981,"href":"https:\/\/crystalbykruela.lt\/ru\/wp-json\/wp\/v2\/product\/29617\/revisions\/30981"}],"wp:featuredmedia":[{"embeddable":true,"href":"https:\/\/crystalbykruela.lt\/ru\/wp-json\/wp\/v2\/media\/2702"}],"wp:attachment":[{"href":"https:\/\/crystalbykruela.lt\/ru\/wp-json\/wp\/v2\/media?parent=29617"}],"wp:term":[{"taxonomy":"product_brand","embeddable":true,"href":"https:\/\/crystalbykruela.lt\/ru\/wp-json\/wp\/v2\/product_brand?post=29617"},{"taxonomy":"product_cat","embeddable":true,"href":"https:\/\/crystalbykruela.lt\/ru\/wp-json\/wp\/v2\/product_cat?post=29617"},{"taxonomy":"product_tag","embeddable":true,"href":"https:\/\/crystalbykruela.lt\/ru\/wp-json\/wp\/v2\/product_tag?post=29617"}],"curies":[{"name":"wp","href":"https:\/\/api.w.org\/{rel}","templated":true}]}}