{"id":29610,"date":"2026-04-02T22:56:42","date_gmt":"2026-04-02T19:56:42","guid":{"rendered":"https:\/\/crystalbykruela.lt\/product\/base-korean-cat-nr-7-hema-tpo-free-30ml\/"},"modified":"2026-04-14T16:40:24","modified_gmt":"2026-04-14T13:40:24","slug":"base-korean-cat-nr-7-30ml","status":"publish","type":"product","link":"https:\/\/crystalbykruela.lt\/ru\/product\/base-korean-cat-nr-7-30ml\/","title":{"rendered":"Base Korean Cat Nr.7 30ml"},"content":{"rendered":"<p>Bazin\u0117 danga Korean Cat Crystal Professional \u2013 dekoratyvin\u0117 baz\u0117 su magnetiniu katyt\u0117s akies efektu. Sukuria gilius, daugiama\u010dius dizainus ant nag\u0173.<\/p>\n<p>Be HEMA ir TPO \u2013 saugu ir hipoalergi\u0161ka. D\u017eiovinkite UV\/LED lempoje.<\/p>\n<p>*Atkreipkite d\u0117mes\u012f, kad produkto spalva gali skirtis nuo nuotraukos.<\/p>","protected":false},"excerpt":{"rendered":"<p>Dekoratyvin\u0117 bazin\u0117 danga su katyt\u0117s akies efektu. Be HEMA ir TPO.<\/p>","protected":false},"featured_media":2687,"comment_status":"open","ping_status":"closed","template":"","meta":[],"product_brand":[],"product_cat":[38,43],"product_tag":[],"class_list":{"0":"post-29610","1":"product","2":"type-product","3":"status-publish","4":"has-post-thumbnail","6":"product_cat-bazes","7":"product_cat-korean-cat","9":"first","10":"instock","11":"purchasable","12":"product-type-simple"},"_links":{"self":[{"href":"https:\/\/crystalbykruela.lt\/ru\/wp-json\/wp\/v2\/product\/29610","targetHints":{"allow":["GET"]}}],"collection":[{"href":"https:\/\/crystalbykruela.lt\/ru\/wp-json\/wp\/v2\/product"}],"about":[{"href":"https:\/\/crystalbykruela.lt\/ru\/wp-json\/wp\/v2\/types\/product"}],"replies":[{"embeddable":true,"href":"https:\/\/crystalbykruela.lt\/ru\/wp-json\/wp\/v2\/comments?post=29610"}],"version-history":[{"count":4,"href":"https:\/\/crystalbykruela.lt\/ru\/wp-json\/wp\/v2\/product\/29610\/revisions"}],"predecessor-version":[{"id":30988,"href":"https:\/\/crystalbykruela.lt\/ru\/wp-json\/wp\/v2\/product\/29610\/revisions\/30988"}],"wp:featuredmedia":[{"embeddable":true,"href":"https:\/\/crystalbykruela.lt\/ru\/wp-json\/wp\/v2\/media\/2687"}],"wp:attachment":[{"href":"https:\/\/crystalbykruela.lt\/ru\/wp-json\/wp\/v2\/media?parent=29610"}],"wp:term":[{"taxonomy":"product_brand","embeddable":true,"href":"https:\/\/crystalbykruela.lt\/ru\/wp-json\/wp\/v2\/product_brand?post=29610"},{"taxonomy":"product_cat","embeddable":true,"href":"https:\/\/crystalbykruela.lt\/ru\/wp-json\/wp\/v2\/product_cat?post=29610"},{"taxonomy":"product_tag","embeddable":true,"href":"https:\/\/crystalbykruela.lt\/ru\/wp-json\/wp\/v2\/product_tag?post=29610"}],"curies":[{"name":"wp","href":"https:\/\/api.w.org\/{rel}","templated":true}]}}