{"id":29609,"date":"2026-04-02T22:56:42","date_gmt":"2026-04-02T19:56:42","guid":{"rendered":"https:\/\/crystalbykruela.lt\/product\/base-love-story-nr-10-hema-tpo-free\/"},"modified":"2026-04-14T16:40:24","modified_gmt":"2026-04-14T13:40:24","slug":"base-love-story-nr-10","status":"publish","type":"product","link":"https:\/\/crystalbykruela.lt\/ru\/product\/base-love-story-nr-10\/","title":{"rendered":"Base Love Story Nr.10"},"content":{"rendered":"<p>Bazin\u0117 danga Love Story Crystal Professional \u2013 romanti\u0161k\u0173 atspalvi\u0173 kamufla\u017ein\u0117 baz\u0117 su subtiliais efektais.<\/p>\n<p>Be HEMA ir TPO \u2013 saugu ir hipoalergi\u0161ka. D\u017eiovinkite UV\/LED lempoje.<\/p>\n<p>*Atkreipkite d\u0117mes\u012f, kad produkto spalva gali skirtis nuo nuotraukos.<\/p>","protected":false},"excerpt":{"rendered":"<p>Romanti\u0161k\u0173 atspalvi\u0173 kamufla\u017ein\u0117 bazin\u0117 danga. Be HEMA ir TPO.<\/p>","protected":false},"featured_media":29806,"comment_status":"open","ping_status":"closed","template":"","meta":[],"product_brand":[],"product_cat":[38,42],"product_tag":[],"class_list":{"0":"post-29609","1":"product","2":"type-product","3":"status-publish","4":"has-post-thumbnail","6":"product_cat-bazes","7":"product_cat-love-story","9":"first","10":"instock","11":"product-type-simple"},"_links":{"self":[{"href":"https:\/\/crystalbykruela.lt\/ru\/wp-json\/wp\/v2\/product\/29609","targetHints":{"allow":["GET"]}}],"collection":[{"href":"https:\/\/crystalbykruela.lt\/ru\/wp-json\/wp\/v2\/product"}],"about":[{"href":"https:\/\/crystalbykruela.lt\/ru\/wp-json\/wp\/v2\/types\/product"}],"replies":[{"embeddable":true,"href":"https:\/\/crystalbykruela.lt\/ru\/wp-json\/wp\/v2\/comments?post=29609"}],"version-history":[{"count":2,"href":"https:\/\/crystalbykruela.lt\/ru\/wp-json\/wp\/v2\/product\/29609\/revisions"}],"predecessor-version":[{"id":30989,"href":"https:\/\/crystalbykruela.lt\/ru\/wp-json\/wp\/v2\/product\/29609\/revisions\/30989"}],"wp:featuredmedia":[{"embeddable":true,"href":"https:\/\/crystalbykruela.lt\/ru\/wp-json\/wp\/v2\/media\/29806"}],"wp:attachment":[{"href":"https:\/\/crystalbykruela.lt\/ru\/wp-json\/wp\/v2\/media?parent=29609"}],"wp:term":[{"taxonomy":"product_brand","embeddable":true,"href":"https:\/\/crystalbykruela.lt\/ru\/wp-json\/wp\/v2\/product_brand?post=29609"},{"taxonomy":"product_cat","embeddable":true,"href":"https:\/\/crystalbykruela.lt\/ru\/wp-json\/wp\/v2\/product_cat?post=29609"},{"taxonomy":"product_tag","embeddable":true,"href":"https:\/\/crystalbykruela.lt\/ru\/wp-json\/wp\/v2\/product_tag?post=29609"}],"curies":[{"name":"wp","href":"https:\/\/api.w.org\/{rel}","templated":true}]}}