{"id":2386,"date":"2026-03-25T20:45:29","date_gmt":"2026-03-25T18:45:29","guid":{"rendered":"https:\/\/crystalbykruela.lt\/?post_type=product&#038;p=2386"},"modified":"2026-04-30T17:44:00","modified_gmt":"2026-04-30T14:44:00","slug":"base-scotch-pro-2","status":"publish","type":"product","link":"https:\/\/crystalbykruela.lt\/ru\/product\/base-scotch-pro-2\/","title":{"rendered":"Base Scotch Pro"},"content":{"rendered":"<p>Base SCOTCH \u2013 atnaujinta gumin\u0117 baz\u0117, sukurta kaip tobulas sukibimo sluoksnis po modeliavimo baz\u0117mis ir geliais. Elastinga, gumin\u0117s sud\u0117ties formul\u0117 u\u017etikrina puik\u0173 patvarum\u0105 ir apsaugo nuo lupin\u0117jimo.<\/p>\n<p>Savyb\u0117s:<br \/>\n&#8211; Nauja, skystesn\u0117 formul\u0117 lyginant su ankstesne versija<br \/>\n&#8211; Ideali kaip jungiantysis sluoksnis po kitomis baz\u0117mis ir geliais<br \/>\n&#8211; Tepama plonu, \u012ftrinamuoju sluoksniu<br \/>\n&#8211; Gumin\u0117 formul\u0117 u\u017etikrina puik\u0173 lankstum\u0105 ir atsparum\u0105 d\u0117v\u0117jimui<br \/>\n&#8211; \u26a0\ufe0f D\u0116MESIO: \u0161i baz\u0117 NETINKA lyginimui ar sustiprinimui \u2013 ji naudojama tik kaip pagrindo sluoksnis<\/p>\n<p>Naudojimo instrukcija:<br \/>\nParuo\u0161kite nag\u0173 plok\u0161tel\u0119: atlikite maniki\u016br\u0105, nubuferinikite, nuriebalinkite, u\u017ed\u0117kite Dehydrator ir Ultrabond. U\u017ed\u0117kite plon\u0105 \u012ftrinam\u0105j\u012f Base SCOTCH sluoksn\u012f ir d\u017eiovinkite: LED lempa \u2013 60\u201390 sek., UV lempa \u2013 2 min. Toliau tepkite modeliavimo baz\u0119 arba gel\u012f.<\/p>\n<p>Be HEMA ir TPO \u2013 saugu ir hipoalergi\u0161ka.<\/p>\n<p>*Atkreipkite d\u0117mes\u012f, kad produkto spalva gali skirtis nuo nuotraukos.<\/p>","protected":false},"excerpt":{"rendered":"<p>Gumin\u0117 bazin\u0117 danga \u2013 sukibimo sluoksnis po geliais. Be HEMA ir TPO.<\/p>","protected":false},"featured_media":30386,"comment_status":"open","ping_status":"closed","template":"","meta":[],"product_brand":[],"product_cat":[38,54],"product_tag":[],"class_list":{"0":"post-2386","1":"product","2":"type-product","3":"status-publish","4":"has-post-thumbnail","6":"product_cat-bazes","7":"product_cat-scotch-pro","9":"first","10":"instock","11":"purchasable","12":"product-type-variable","13":"has-default-attributes"},"_links":{"self":[{"href":"https:\/\/crystalbykruela.lt\/ru\/wp-json\/wp\/v2\/product\/2386","targetHints":{"allow":["GET"]}}],"collection":[{"href":"https:\/\/crystalbykruela.lt\/ru\/wp-json\/wp\/v2\/product"}],"about":[{"href":"https:\/\/crystalbykruela.lt\/ru\/wp-json\/wp\/v2\/types\/product"}],"replies":[{"embeddable":true,"href":"https:\/\/crystalbykruela.lt\/ru\/wp-json\/wp\/v2\/comments?post=2386"}],"version-history":[{"count":4,"href":"https:\/\/crystalbykruela.lt\/ru\/wp-json\/wp\/v2\/product\/2386\/revisions"}],"predecessor-version":[{"id":30991,"href":"https:\/\/crystalbykruela.lt\/ru\/wp-json\/wp\/v2\/product\/2386\/revisions\/30991"}],"wp:featuredmedia":[{"embeddable":true,"href":"https:\/\/crystalbykruela.lt\/ru\/wp-json\/wp\/v2\/media\/30386"}],"wp:attachment":[{"href":"https:\/\/crystalbykruela.lt\/ru\/wp-json\/wp\/v2\/media?parent=2386"}],"wp:term":[{"taxonomy":"product_brand","embeddable":true,"href":"https:\/\/crystalbykruela.lt\/ru\/wp-json\/wp\/v2\/product_brand?post=2386"},{"taxonomy":"product_cat","embeddable":true,"href":"https:\/\/crystalbykruela.lt\/ru\/wp-json\/wp\/v2\/product_cat?post=2386"},{"taxonomy":"product_tag","embeddable":true,"href":"https:\/\/crystalbykruela.lt\/ru\/wp-json\/wp\/v2\/product_tag?post=2386"}],"curies":[{"name":"wp","href":"https:\/\/api.w.org\/{rel}","templated":true}]}}