{"id":29831,"date":"2026-04-03T11:45:13","date_gmt":"2026-04-03T08:45:13","guid":{"rendered":"https:\/\/crystalbykruela.lt\/?page_id=29831"},"modified":"2026-04-03T11:56:17","modified_gmt":"2026-04-03T08:56:17","slug":"rekvizitai","status":"publish","type":"page","link":"https:\/\/crystalbykruela.lt\/ru\/rekvizitai\/","title":{"rendered":"\u0420\u0435\u043a\u0432\u0438\u0437\u0438\u0442\u044b"},"content":{"rendered":"<h2>\u012emon\u0117s rekvizitai<\/h2>\n<p><strong>\u012emon\u0117s kodas:<\/strong> 306409804<\/p>\n<p><strong>Adresas:<\/strong> Lazdyn\u0173 g. 1, Salden\u0117s k., LT-14186 Vilniaus r.<\/p>\n<p><strong>Mob. telefonas:<\/strong> <a href=\"tel:+37060071044\">+370 600 71044<\/a><\/p>\n<p><strong>El. pa\u0161tas:<\/strong> <a href=\"mailto:kruela.gs@gmail.com\">kruela.gs@gmail.com<\/a><\/p>","protected":false},"excerpt":{"rendered":"<p>\u012emon\u0117s rekvizitai \u012emon\u0117s kodas: 306409804 Adresas: Lazdyn\u0173 g. 1, Salden\u0117s k., LT-14186 Vilniaus r. Mob. telefonas: +370 600 71044 El.<\/p>","protected":false},"author":1,"featured_media":0,"parent":0,"menu_order":0,"comment_status":"closed","ping_status":"closed","template":"","meta":{"footnotes":""},"class_list":["post-29831","page","type-page","status-publish","hentry"],"_links":{"self":[{"href":"https:\/\/crystalbykruela.lt\/ru\/wp-json\/wp\/v2\/pages\/29831","targetHints":{"allow":["GET"]}}],"collection":[{"href":"https:\/\/crystalbykruela.lt\/ru\/wp-json\/wp\/v2\/pages"}],"about":[{"href":"https:\/\/crystalbykruela.lt\/ru\/wp-json\/wp\/v2\/types\/page"}],"author":[{"embeddable":true,"href":"https:\/\/crystalbykruela.lt\/ru\/wp-json\/wp\/v2\/users\/1"}],"replies":[{"embeddable":true,"href":"https:\/\/crystalbykruela.lt\/ru\/wp-json\/wp\/v2\/comments?post=29831"}],"version-history":[{"count":1,"href":"https:\/\/crystalbykruela.lt\/ru\/wp-json\/wp\/v2\/pages\/29831\/revisions"}],"predecessor-version":[{"id":29832,"href":"https:\/\/crystalbykruela.lt\/ru\/wp-json\/wp\/v2\/pages\/29831\/revisions\/29832"}],"wp:attachment":[{"href":"https:\/\/crystalbykruela.lt\/ru\/wp-json\/wp\/v2\/media?parent=29831"}],"curies":[{"name":"wp","href":"https:\/\/api.w.org\/{rel}","templated":true}]}}