{"id":29424,"date":"2026-04-01T09:22:10","date_gmt":"2026-04-01T06:22:10","guid":{"rendered":"https:\/\/crystalbykruela.lt\/mokejimo-budai\/"},"modified":"2026-04-04T21:13:46","modified_gmt":"2026-04-04T18:13:46","slug":"mokejimo-budai","status":"publish","type":"page","link":"https:\/\/crystalbykruela.lt\/ru\/mokejimo-budai\/","title":{"rendered":"\u0421\u043f\u043e\u0441\u043e\u0431\u044b \u043e\u043f\u043b\u0430\u0442\u044b"},"content":{"rendered":"<h2>MOK\u0116JIMO B\u016aDAI<\/h2>\n<p>\u041f\u0440\u0435\u0434\u043b\u0430\u0433\u0430\u0435\u043c \u0443\u0434\u043e\u0431\u043d\u044b\u0435 \u0438 \u0431\u0435\u0437\u043e\u043f\u0430\u0441\u043d\u044b\u0435 \u0441\u043f\u043e\u0441\u043e\u0431\u044b \u043e\u043f\u043b\u0430\u0442\u044b \u0434\u043b\u044f \u043c\u0430\u043a\u0441\u0438\u043c\u0430\u043b\u044c\u043d\u043e \u043f\u0440\u043e\u0441\u0442\u043e\u0433\u043e \u043f\u0440\u043e\u0446\u0435\u0441\u0441\u0430 \u043f\u043e\u043a\u0443\u043f\u043a\u0438.<\/p>\n<h3>\u042d\u043b\u0435\u043a\u0442\u0440\u043e\u043d\u043d\u044b\u0439 \u0431\u0430\u043d\u043a\u0438\u043d\u0433 (\u0447\u0435\u0440\u0435\u0437 Paysera)<\/h3>\n<p>\u0421\u0430\u043c\u044b\u0439 \u0431\u044b\u0441\u0442\u0440\u044b\u0439 \u0438 \u0443\u0434\u043e\u0431\u043d\u044b\u0439 \u0441\u043f\u043e\u0441\u043e\u0431 \u2014 \u043e\u043f\u043b\u0430\u0442\u0438\u0442\u0435 \u0437\u0430\u043a\u0430\u0437 \u043d\u0430\u043f\u0440\u044f\u043c\u0443\u044e \u0447\u0435\u0440\u0435\u0437 \u0441\u0432\u043e\u0439 \u0431\u0430\u043d\u043a. \u041f\u043e\u0434\u0434\u0435\u0440\u0436\u0438\u0432\u0430\u044e\u0442\u0441\u044f \u0432\u0441\u0435 \u043e\u0441\u043d\u043e\u0432\u043d\u044b\u0435 \u0431\u0430\u043d\u043a\u0438 \u041b\u0438\u0442\u0432\u044b:<\/p>\n<ul>\n<li>Swedbank<\/li>\n<li>SEB<\/li>\n<li>Luminor<\/li>\n<li>\u0160iauli\u0173 bankas<\/li>\n<li>Citadele<\/li>\n<li>Revolut<\/li>\n<\/ul>\n<p>Mok\u0117jimas atliekamas automati\u0161kai per <strong>Paysera<\/strong> sistem\u0105 \u2014 saugiai ir greitai. U\u017esakymas pradedamas vykdyti i\u0161 karto po apmok\u0117jimo patvirtinimo.<\/p>\n<h3>\u041f\u043b\u0430\u0442\u0451\u0436\u043d\u044b\u0435 \u043a\u0430\u0440\u0442\u044b<\/h3>\n<p>Priimame mok\u0117jimus <strong>Visa<\/strong> ir <strong>Mastercard<\/strong> kortel\u0117mis. Kortel\u0117s duomenys apdorojami saugiai per Paysera mok\u0117jimo sistem\u0105 \u2014 mes j\u016bs\u0173 kortel\u0117s duomen\u0173 nematome ir nesaugome.<\/p>\n<h3>\u0411\u0435\u0437\u043e\u043f\u0430\u0441\u043d\u043e\u0441\u0442\u044c \u043e\u043f\u043b\u0430\u0442\u044b<\/h3>\n<p>Visi mok\u0117jimai apdorojami per <strong>Paysera<\/strong> \u2014 licencijuot\u0105 ir Europos Centrinio Banko pri\u017ei\u016brim\u0105 mok\u0117jimo paslaug\u0173 teik\u0117j\u0105. J\u016bs\u0173 finansiniai duomenys yra pilnai apsaugoti SSL \u0161ifravimu.<\/p>\n<h3>\u0412\u0430\u0436\u043d\u0430\u044f \u0438\u043d\u0444\u043e\u0440\u043c\u0430\u0446\u0438\u044f<\/h3>\n<ul>\n<li>Visos kainos nurodytos <strong>su PVM<\/strong>.<\/li>\n<li>U\u017esakymas pradedamas ruo\u0161ti tik <strong>gavus apmok\u0117jim\u0105<\/strong>.<\/li>\n<li>\u0415\u0441\u043b\u0438 \u043e\u043f\u043b\u0430\u0442\u0430 \u043d\u0435 \u0431\u0443\u0434\u0435\u0442 \u043f\u0440\u043e\u0438\u0437\u0432\u0435\u0434\u0435\u043d\u0430 \u0432 \u0442\u0435\u0447\u0435\u043d\u0438\u0435 3 \u0440\u0430\u0431\u043e\u0447\u0438\u0445 \u0434\u043d\u0435\u0439, \u0437\u0430\u043a\u0430\u0437 \u043c\u043e\u0436\u0435\u0442 \u0431\u044b\u0442\u044c \u0430\u0432\u0442\u043e\u043c\u0430\u0442\u0438\u0447\u0435\u0441\u043a\u0438 \u043e\u0442\u043c\u0435\u043d\u0451\u043d.<\/li>\n<li>\u0421\u0447\u0451\u0442-\u0444\u0430\u043a\u0442\u0443\u0440\u0430 \u043e\u0442\u043f\u0440\u0430\u0432\u043b\u044f\u0435\u0442\u0441\u044f \u043f\u043e \u044d\u043b\u0435\u043a\u0442\u0440\u043e\u043d\u043d\u043e\u0439 \u043f\u043e\u0447\u0442\u0435 \u0430\u0432\u0442\u043e\u043c\u0430\u0442\u0438\u0447\u0435\u0441\u043a\u0438 \u043f\u043e\u0441\u043b\u0435 \u043f\u043e\u0434\u0442\u0432\u0435\u0440\u0436\u0434\u0435\u043d\u0438\u044f \u0437\u0430\u043a\u0430\u0437\u0430.<\/li>\n<\/ul>\n<h3>\u0412\u043e\u0437\u043d\u0438\u043a\u043b\u0438 \u0432\u043e\u043f\u0440\u043e\u0441\u044b \u043f\u043e \u043e\u043f\u043b\u0430\u0442\u0435?<\/h3>\n<p>Susisiekite: <a href=\"mailto:kruela.gs@gmail.com\">kruela.gs@gmail.com<\/a> arba <a href=\"tel:+37060071044\">+370 600 71044<\/a> (I\u2013V, 9:00\u201318:00).<\/p>","protected":false},"excerpt":{"rendered":"<p>MOK\u0116JIMO B\u016aDAI Si\u016blome patogius ir saugius atsiskaitymo b\u016bdus, kad j\u016bs\u0173 pirkimo patirtis b\u016bt\u0173 kuo paprastesn\u0117. Elektronin\u0117 bankininkyst\u0117 (per Paysera) Grei\u010diausias<\/p>","protected":false},"author":1,"featured_media":0,"parent":0,"menu_order":0,"comment_status":"closed","ping_status":"closed","template":"","meta":{"footnotes":""},"class_list":["post-29424","page","type-page","status-publish","hentry"],"_links":{"self":[{"href":"https:\/\/crystalbykruela.lt\/ru\/wp-json\/wp\/v2\/pages\/29424","targetHints":{"allow":["GET"]}}],"collection":[{"href":"https:\/\/crystalbykruela.lt\/ru\/wp-json\/wp\/v2\/pages"}],"about":[{"href":"https:\/\/crystalbykruela.lt\/ru\/wp-json\/wp\/v2\/types\/page"}],"author":[{"embeddable":true,"href":"https:\/\/crystalbykruela.lt\/ru\/wp-json\/wp\/v2\/users\/1"}],"replies":[{"embeddable":true,"href":"https:\/\/crystalbykruela.lt\/ru\/wp-json\/wp\/v2\/comments?post=29424"}],"version-history":[{"count":2,"href":"https:\/\/crystalbykruela.lt\/ru\/wp-json\/wp\/v2\/pages\/29424\/revisions"}],"predecessor-version":[{"id":29872,"href":"https:\/\/crystalbykruela.lt\/ru\/wp-json\/wp\/v2\/pages\/29424\/revisions\/29872"}],"wp:attachment":[{"href":"https:\/\/crystalbykruela.lt\/ru\/wp-json\/wp\/v2\/media?parent=29424"}],"curies":[{"name":"wp","href":"https:\/\/api.w.org\/{rel}","templated":true}]}}