{"id":29422,"date":"2026-04-01T09:22:09","date_gmt":"2026-04-01T06:22:09","guid":{"rendered":"https:\/\/crystalbykruela.lt\/pristatymas\/"},"modified":"2026-04-04T21:13:48","modified_gmt":"2026-04-04T18:13:48","slug":"pristatymas","status":"publish","type":"page","link":"https:\/\/crystalbykruela.lt\/ru\/pristatymas\/","title":{"rendered":"\u0414\u043e\u0441\u0442\u0430\u0432\u043a\u0430"},"content":{"rendered":"<h2>PRISTATYMAS<\/h2>\n<p>\u041e\u0442\u043f\u0440\u0430\u0432\u043b\u044f\u0435\u043c \u043f\u0440\u043e\u0434\u0443\u043a\u0446\u0438\u044e Crystal Professional \u043f\u043e \u0432\u0441\u0435\u0439 \u041b\u0438\u0442\u0432\u0435. \u0421\u0442\u0430\u0440\u0430\u0435\u043c\u0441\u044f, \u0447\u0442\u043e\u0431\u044b \u0432\u0430\u0448 \u0437\u0430\u043a\u0430\u0437 \u0434\u043e\u0448\u0451\u043b \u043a\u0430\u043a \u043c\u043e\u0436\u043d\u043e \u0431\u044b\u0441\u0442\u0440\u0435\u0435 \u2014 \u0431\u043e\u043b\u044c\u0448\u0438\u043d\u0441\u0442\u0432\u043e \u043e\u0442\u043f\u0440\u0430\u0432\u043b\u0435\u043d\u0438\u0439 \u0432\u044b\u0441\u044b\u043b\u0430\u0435\u043c \u0432 \u0442\u043e\u0442 \u0436\u0435 \u0438\u043b\u0438 \u043d\u0430 \u0441\u043b\u0435\u0434\u0443\u044e\u0449\u0438\u0439 \u0440\u0430\u0431\u043e\u0447\u0438\u0439 \u0434\u0435\u043d\u044c \u043f\u043e\u0441\u043b\u0435 \u043e\u043f\u043b\u0430\u0442\u044b.<\/p>\n<h3>\u0421\u043f\u043e\u0441\u043e\u0431\u044b \u0438 \u0441\u0442\u043e\u0438\u043c\u043e\u0441\u0442\u044c \u0434\u043e\u0441\u0442\u0430\u0432\u043a\u0438<\/h3>\n<table>\n<thead>\n<tr>\n<th>\u0421\u043f\u043e\u0441\u043e\u0431 \u0434\u043e\u0441\u0442\u0430\u0432\u043a\u0438<\/th>\n<th>\u0426\u0435\u043d\u0430<\/th>\n<th>\u0421\u0440\u043e\u043a \u0434\u043e\u0441\u0442\u0430\u0432\u043a\u0438<\/th>\n<\/tr>\n<\/thead>\n<tbody>\n<tr>\n<td><strong>Pa\u0161tomatas<\/strong> (Omniva, LP Express, DPD)<\/td>\n<td>2,50 \u20ac<\/td>\n<td>1\u20133 \u0440\u0430\u0431\u043e\u0447\u0438\u0445 \u0434\u043d\u044f<\/td>\n<\/tr>\n<tr>\n<td><strong>Kurjeris<\/strong> (pristatymas \u012f namus ar biur\u0105)<\/td>\n<td>5,00 \u20ac<\/td>\n<td>1\u20132 \u0440\u0430\u0431\u043e\u0447\u0438\u0445 \u0434\u043d\u044f<\/td>\n<\/tr>\n<tr>\n<td><strong>Atsi\u0117mimas vietoje<\/strong><\/td>\n<td>\u0411\u0435\u0441\u043f\u043b\u0430\u0442\u043d\u043e<\/td>\n<td>\u041f\u043e \u043f\u0440\u0435\u0434\u0432\u0430\u0440\u0438\u0442\u0435\u043b\u044c\u043d\u043e\u0439 \u0434\u043e\u0433\u043e\u0432\u043e\u0440\u0451\u043d\u043d\u043e\u0441\u0442\u0438<\/td>\n<\/tr>\n<\/tbody>\n<\/table>\n<h3>\u0411\u0435\u0441\u043f\u043b\u0430\u0442\u043d\u0430\u044f \u0434\u043e\u0441\u0442\u0430\u0432\u043a\u0430<\/h3>\n<p>U\u017esakymams <strong>nuo 60 \u20ac<\/strong> pristatymas \u012f pa\u0161tomat\u0105 arba kurjeriu \u2014 <strong>nemokamai<\/strong>.<\/p>\n<h3>\u0412\u0430\u0436\u043d\u0430\u044f \u0438\u043d\u0444\u043e\u0440\u043c\u0430\u0446\u0438\u044f<\/h3>\n<ul>\n<li>\u0422\u043e\u0432\u0430\u0440\u044b \u043e\u0442\u043f\u0440\u0430\u0432\u043b\u044f\u044e\u0442\u0441\u044f \u0432 \u0442\u0435\u0447\u0435\u043d\u0438\u0435 1\u20133 \u0440\u0430\u0431\u043e\u0447\u0438\u0445 \u0434\u043d\u0435\u0439 \u043f\u043e\u0441\u043b\u0435 \u043f\u043e\u043b\u0443\u0447\u0435\u043d\u0438\u044f \u043e\u043f\u043b\u0430\u0442\u044b.<\/li>\n<li>\u041f\u0440\u0438 \u0434\u043e\u0441\u0442\u0430\u0432\u043a\u0435 \u0432 \u043f\u043e\u0447\u0442\u043e\u043c\u0430\u0442 \u0432\u044b \u043f\u043e\u043b\u0443\u0447\u0438\u0442\u0435 SMS \u0438\u043b\u0438 email-\u0443\u0432\u0435\u0434\u043e\u043c\u043b\u0435\u043d\u0438\u0435 \u0441 \u043a\u043e\u0434\u043e\u043c \u043f\u043e\u043b\u0443\u0447\u0435\u043d\u0438\u044f.<\/li>\n<li>\u041f\u043e\u0441\u044b\u043b\u043a\u0430 \u0445\u0440\u0430\u043d\u0438\u0442\u0441\u044f \u0432 \u043f\u043e\u0447\u0442\u043e\u043c\u0430\u0442\u0435 7 \u0434\u043d\u0435\u0439 \u2014 \u0435\u0441\u043b\u0438 \u043d\u0435 \u0437\u0430\u0431\u0440\u0430\u0442\u044c \u0432\u043e\u0432\u0440\u0435\u043c\u044f, \u043e\u043d\u0430 \u0432\u043e\u0437\u0432\u0440\u0430\u0449\u0430\u0435\u0442\u0441\u044f \u043d\u0430\u043c.<\/li>\n<li>\u041a\u0443\u0440\u044c\u0435\u0440 \u043f\u0435\u0440\u0435\u0434 \u0434\u043e\u0441\u0442\u0430\u0432\u043a\u043e\u0439 \u0441\u0432\u044f\u0436\u0435\u0442\u0441\u044f \u043f\u043e \u0442\u0435\u043b\u0435\u0444\u043e\u043d\u0443 \u0438 \u0441\u043e\u0433\u043b\u0430\u0441\u0443\u0435\u0442 \u0443\u0434\u043e\u0431\u043d\u043e\u0435 \u0432\u0440\u0435\u043c\u044f.<\/li>\n<li>Atsi\u0117mimas vietoje galimas susitarus i\u0161 anksto \u2014 susisiekite telefonu <a href=\"tel:+37060071044\">+370 600 71044<\/a> arba el. pa\u0161tu <a href=\"mailto:kruela.gs@gmail.com\">kruela.gs@gmail.com<\/a>.<\/li>\n<\/ul>\n<h3>\u0414\u043e\u0441\u0442\u0430\u0432\u043a\u0430 \u0437\u0430 \u0440\u0443\u0431\u0435\u0436<\/h3>\n<p>\u0160iuo metu prekes siun\u010diame tik Lietuvos teritorijoje. Jei domina pristatymas \u012f kit\u0105 \u0161al\u012f, susisiekite su mumis \u2014 aptarsime galimybes individualiai.<\/p>\n<h3>Turite klausim\u0173 d\u0117l pristatymo?<\/h3>\n<p>Ra\u0161ykite <a href=\"mailto:kruela.gs@gmail.com\">kruela.gs@gmail.com<\/a> arba skambinkite <a href=\"tel:+37060071044\">+370 600 71044<\/a> (I\u2013V, 9:00\u201318:00).<\/p>","protected":false},"excerpt":{"rendered":"<p>PRISTATYMAS Siun\u010diame Crystal Professional produktus visoje Lietuvoje. Stengiam\u0117s, kad j\u016bs\u0173 u\u017esakymas pasiekt\u0173 kuo grei\u010diau \u2014 daugum\u0105 siunt\u0173 i\u0161siun\u010diame t\u0105 pa\u010di\u0105<\/p>","protected":false},"author":1,"featured_media":0,"parent":0,"menu_order":0,"comment_status":"closed","ping_status":"closed","template":"","meta":{"footnotes":""},"class_list":["post-29422","page","type-page","status-publish","hentry"],"_links":{"self":[{"href":"https:\/\/crystalbykruela.lt\/ru\/wp-json\/wp\/v2\/pages\/29422","targetHints":{"allow":["GET"]}}],"collection":[{"href":"https:\/\/crystalbykruela.lt\/ru\/wp-json\/wp\/v2\/pages"}],"about":[{"href":"https:\/\/crystalbykruela.lt\/ru\/wp-json\/wp\/v2\/types\/page"}],"author":[{"embeddable":true,"href":"https:\/\/crystalbykruela.lt\/ru\/wp-json\/wp\/v2\/users\/1"}],"replies":[{"embeddable":true,"href":"https:\/\/crystalbykruela.lt\/ru\/wp-json\/wp\/v2\/comments?post=29422"}],"version-history":[{"count":2,"href":"https:\/\/crystalbykruela.lt\/ru\/wp-json\/wp\/v2\/pages\/29422\/revisions"}],"predecessor-version":[{"id":29874,"href":"https:\/\/crystalbykruela.lt\/ru\/wp-json\/wp\/v2\/pages\/29422\/revisions\/29874"}],"wp:attachment":[{"href":"https:\/\/crystalbykruela.lt\/ru\/wp-json\/wp\/v2\/media?parent=29422"}],"curies":[{"name":"wp","href":"https:\/\/api.w.org\/{rel}","templated":true}]}}