{"id":29173,"date":"2026-03-28T01:11:07","date_gmt":"2026-03-27T23:11:07","guid":{"rendered":"https:\/\/crystalbykruela.lt\/apie-mus\/"},"modified":"2026-04-04T21:13:49","modified_gmt":"2026-04-04T18:13:49","slug":"apie-mus","status":"publish","type":"page","link":"https:\/\/crystalbykruela.lt\/ru\/apie-mus\/","title":{"rendered":"\u041e \u043d\u0430\u0441"},"content":{"rendered":"<h2>Crystal by Kruela \u2014 \u043e\u0444\u0438\u0446\u0438\u0430\u043b\u044c\u043d\u044b\u0439 \u0434\u0438\u0441\u0442\u0440\u0438\u0431\u044c\u044e\u0442\u043e\u0440 \u0431\u0440\u0435\u043d\u0434\u0430 Crystal Professional \u0432 \u041b\u0438\u0442\u0432\u0435.<\/h2>\n<p>\u041c\u044b \u043f\u0440\u0435\u0434\u043b\u0430\u0433\u0430\u0435\u043c \u043f\u0440\u043e\u0444\u0435\u0441\u0441\u0438\u043e\u043d\u0430\u043b\u044c\u043d\u044b\u0435 \u0441\u0440\u0435\u0434\u0441\u0442\u0432\u0430 \u0434\u043b\u044f \u0443\u0445\u043e\u0434\u0430 \u0437\u0430 \u043d\u043e\u0433\u0442\u044f\u043c\u0438 \u043c\u0430\u0441\u0442\u0435\u0440\u0430\u043c \u043c\u0430\u043d\u0438\u043a\u044e\u0440\u0430: \u0431\u0430\u0437\u044b, \u043c\u043e\u0434\u0435\u043b\u0438\u0440\u0443\u044e\u0449\u0438\u0435 \u0433\u0435\u043b\u0438, \u0442\u043e\u043f\u044b, \u0436\u0438\u0434\u043a\u0438\u0435 \u0430\u043a\u0440\u0438\u043b\u043e\u0432\u044b\u0435 \u0433\u0435\u043b\u0438, \u0430 \u0442\u0430\u043a\u0436\u0435 \u0430\u043b\u043c\u0430\u0437\u043d\u044b\u0435 \u0438 \u043a\u0430\u0440\u0431\u0438\u0434\u043d\u044b\u0435 \u0444\u0440\u0435\u0437\u044b.<\/p>\n<p>\u0412\u0441\u0435 \u043d\u0430\u0448\u0438 \u043f\u0440\u043e\u0434\u0443\u043a\u0442\u044b:<\/p>\n<ul>\n<li><strong>HEMA &amp; TPO Free<\/strong> \u2014 saug\u016bs ir hipoalerginiai<\/li>\n<li><strong>\u041f\u0440\u043e\u0444\u0435\u0441\u0441\u0438\u043e\u043d\u0430\u043b\u044c\u043d\u043e\u0433\u043e \u043a\u0430\u0447\u0435\u0441\u0442\u0432\u0430<\/strong> \u2014 sukurti maniki\u016bro meistrams<\/li>\n<li><strong>Testuoti ir sertifikuoti<\/strong> pagal ES standartus<\/li>\n<\/ul>\n<h3>\u041f\u043e\u0447\u0435\u043c\u0443 \u0441\u0442\u043e\u0438\u0442 \u0432\u044b\u0431\u0440\u0430\u0442\u044c Crystal by Kruela?<\/h3>\n<p>\u2713 <strong>Oficialus Crystal Professional platintojas<\/strong> \u2014 garantuojame originalius produktus<br \/>\n\u2713 <strong>\u0411\u044b\u0441\u0442\u0440\u0430\u044f \u0434\u043e\u0441\u0442\u0430\u0432\u043a\u0430 \u043f\u043e \u0432\u0441\u0435\u0439 \u041b\u0438\u0442\u0432\u0435<\/strong> \u2014 per 1-3 darbo dienas<br \/>\n\u2713 <strong>\u041f\u0440\u043e\u0444\u0435\u0441\u0441\u0438\u043e\u043d\u0430\u043b\u044c\u043d\u0430\u044f \u043a\u043e\u043d\u0441\u0443\u043b\u044c\u0442\u0430\u0446\u0438\u044f<\/strong> \u2014 pad\u0117sime i\u0161sirinkti tinkamus produktus<br \/>\n\u2713 <strong>Patog\u016bs mok\u0117jimo b\u016bdai<\/strong> \u2014 per Paysera sistem\u0105<br \/>\n\u2713 <strong>Lengvas gr\u0105\u017einimas<\/strong> \u2014 per 14 dien\u0173 nuo gavimo<\/p>\n<h3>\u041e Crystal Professional<\/h3>\n<p>Crystal Professional \u2014 \u044d\u0442\u043e \u043f\u043e\u043b\u044c\u0441\u043a\u0438\u0439 \u0431\u0440\u0435\u043d\u0434 \u043f\u0440\u043e\u0444\u0435\u0441\u0441\u0438\u043e\u043d\u0430\u043b\u044c\u043d\u043e\u0439 \u043a\u043e\u0441\u043c\u0435\u0442\u0438\u043a\u0438 \u0434\u043b\u044f \u043d\u043e\u0433\u0442\u0435\u0439, \u043f\u0440\u043e\u0438\u0437\u0432\u043e\u0434\u044f\u0449\u0438\u0439 \u043f\u0440\u043e\u0434\u0443\u043a\u0446\u0438\u044e \u0432\u044b\u0441\u043e\u0447\u0430\u0439\u0448\u0435\u0433\u043e \u043a\u0430\u0447\u0435\u0441\u0442\u0432\u0430 \u0434\u043b\u044f \u043c\u0430\u0441\u0442\u0435\u0440\u043e\u0432 \u043c\u0430\u043d\u0438\u043a\u044e\u0440\u0430 \u043f\u043e \u0432\u0441\u0435\u043c\u0443 \u043c\u0438\u0440\u0443. \u041f\u0440\u043e\u0434\u0443\u043a\u0446\u0438\u044f \u0438\u0437\u0433\u043e\u0442\u043e\u0432\u043b\u0435\u043d\u0430 \u0438\u0437 \u0431\u0435\u0437\u043e\u043f\u0430\u0441\u043d\u044b\u0445, \u0442\u0449\u0430\u0442\u0435\u043b\u044c\u043d\u043e \u043e\u0442\u043e\u0431\u0440\u0430\u043d\u043d\u044b\u0445 \u0438\u043d\u0433\u0440\u0435\u0434\u0438\u0435\u043d\u0442\u043e\u0432, \u0431\u0435\u0437 HEMA \u0438 TPO \u2014 \u0445\u0438\u043c\u0438\u0447\u0435\u0441\u043a\u0438\u0445 \u0441\u043e\u0435\u0434\u0438\u043d\u0435\u043d\u0438\u0439, \u0441\u043f\u043e\u0441\u043e\u0431\u043d\u044b\u0445 \u0432\u044b\u0437\u0432\u0430\u0442\u044c \u0430\u043b\u043b\u0435\u0440\u0433\u0438\u0447\u0435\u0441\u043a\u0438\u0435 \u0440\u0435\u0430\u043a\u0446\u0438\u0438.<\/p>\n<p>\u0428\u0438\u0440\u043e\u043a\u0438\u0439 \u0430\u0441\u0441\u043e\u0440\u0442\u0438\u043c\u0435\u043d\u0442 \u0432\u043a\u043b\u044e\u0447\u0430\u0435\u0442:<\/p>\n<ul>\n<li>Spalvotas bazes (Color, Love Story, Korean Cat, Moonlight kolekcijos)<\/li>\n<li>Modeliavimo gelius (Builder Gel, Chameleon, Dream, Flex, Flower, Kiss, Mirage, Spring Nude, Spring Vibe kolekcijos)<\/li>\n<li>Skystojo akrilo gelius (Liquid Acryl Gel)<\/li>\n<li>Topus (Classic No Wipe, Rubber, Milk)<\/li>\n<li>Deimantinius ir karbidinius frezerius<\/li>\n<\/ul>\n<p>Kiekvienas produktas yra kruop\u0161\u010diai testuotas ir sertifikuotas, atitinkantis grie\u017e\u010diausius Europos S\u0105jungos kosmetikos standartus.<\/p>\n<p><strong>Susisiekite su mumis:<\/strong> <a href=\"mailto:kruela.gs@gmail.com\">kruela.gs@gmail.com<\/a><\/p>","protected":false},"excerpt":{"rendered":"<p>Crystal by Kruela \u2014 oficialus Crystal Professional prek\u0117s \u017eenklo platintojas Lietuvoje. Mes si\u016blome profesionalias nag\u0173 prie\u017ei\u016bros priemones maniki\u016bro meistrams: bazes,<\/p>","protected":false},"author":1,"featured_media":0,"parent":0,"menu_order":0,"comment_status":"closed","ping_status":"closed","template":"","meta":{"footnotes":""},"class_list":["post-29173","page","type-page","status-publish","hentry"],"_links":{"self":[{"href":"https:\/\/crystalbykruela.lt\/ru\/wp-json\/wp\/v2\/pages\/29173","targetHints":{"allow":["GET"]}}],"collection":[{"href":"https:\/\/crystalbykruela.lt\/ru\/wp-json\/wp\/v2\/pages"}],"about":[{"href":"https:\/\/crystalbykruela.lt\/ru\/wp-json\/wp\/v2\/types\/page"}],"author":[{"embeddable":true,"href":"https:\/\/crystalbykruela.lt\/ru\/wp-json\/wp\/v2\/users\/1"}],"replies":[{"embeddable":true,"href":"https:\/\/crystalbykruela.lt\/ru\/wp-json\/wp\/v2\/comments?post=29173"}],"version-history":[{"count":2,"href":"https:\/\/crystalbykruela.lt\/ru\/wp-json\/wp\/v2\/pages\/29173\/revisions"}],"predecessor-version":[{"id":29875,"href":"https:\/\/crystalbykruela.lt\/ru\/wp-json\/wp\/v2\/pages\/29173\/revisions\/29875"}],"wp:attachment":[{"href":"https:\/\/crystalbykruela.lt\/ru\/wp-json\/wp\/v2\/media?parent=29173"}],"curies":[{"name":"wp","href":"https:\/\/api.w.org\/{rel}","templated":true}]}}