{"id":2589,"date":"2026-03-27T11:01:55","date_gmt":"2026-03-27T09:01:55","guid":{"rendered":"https:\/\/crystalbykruela.lt\/kontaktai\/"},"modified":"2026-04-04T21:13:50","modified_gmt":"2026-04-04T18:13:50","slug":"kontaktai","status":"publish","type":"page","link":"https:\/\/crystalbykruela.lt\/ru\/kontaktai\/","title":{"rendered":"\u041a\u043e\u043d\u0442\u0430\u043a\u0442\u044b"},"content":{"rendered":"<h2>\u0421\u0412\u042f\u0416\u0418\u0422\u0415\u0421\u042c \u0421 \u041d\u0410\u041c\u0418<\/h2>\n<p>\u0415\u0441\u0442\u044c \u0432\u043e\u043f\u0440\u043e\u0441\u044b \u043e \u043f\u0440\u043e\u0434\u0443\u043a\u0446\u0438\u0438 \u0438\u043b\u0438 \u0437\u0430\u043a\u0430\u0437\u0430\u0445? \u041c\u044b \u0441 \u0440\u0430\u0434\u043e\u0441\u0442\u044c\u044e \u043f\u043e\u043c\u043e\u0436\u0435\u043c!<\/p>\n<h3>\u041a\u043e\u043d\u0442\u0430\u043a\u0442\u043d\u0430\u044f \u0438\u043d\u0444\u043e\u0440\u043c\u0430\u0446\u0438\u044f:<\/h3>\n<p><strong>Crystal by Kruela<\/strong><br \/>\nProfesionalios nag\u0173 prie\u017ei\u016bros priemon\u0117s<\/p>\n<p><strong>Telefonas:<\/strong> <a href=\"tel:+37060071044\">+370 600 71044<\/a><br \/>\n<strong>El. pa\u0161tas:<\/strong> <a href=\"mailto:kruela.gs@gmail.com\">kruela.gs@gmail.com<\/a><\/p>\n<p><strong>Darbo laikas:<\/strong> I-V 9:00 \u2013 18:00<\/p>\n<h3>\u0421\u043b\u0435\u0434\u0438\u0442\u0435 \u0437\u0430 \u043d\u0430\u043c\u0438 \u0432 \u0441\u043e\u0446\u0438\u0430\u043b\u044c\u043d\u044b\u0445 \u0441\u0435\u0442\u044f\u0445:<\/h3>\n<p><a href=\"https:\/\/www.instagram.com\/crystalbykruela\" target=\"_blank\" rel=\"noopener\">Instagram: @crystalbykruela<\/a><br \/>\n<a href=\"https:\/\/www.facebook.com\/crystalbykruela\" target=\"_blank\" rel=\"noopener\">Facebook: Crystal by Kruela<\/a><\/p>\n<h3>\u0427\u0430\u0441\u0442\u043e \u0437\u0430\u0434\u0430\u0432\u0430\u0435\u043c\u044b\u0435 \u0432\u043e\u043f\u0440\u043e\u0441\u044b:<\/h3>\n<p><strong>K: Kaip ilgai trunka pristatymas?<\/strong><br \/>\nA: Prekes i\u0161siun\u010diame per 1-3 darbo dienas. Pa\u0161tomatu \u2014 1-3 d.d., kurjeriu \u2014 1-2 d.d.<\/p>\n<p><strong>K: Ar galiu gr\u0105\u017einti prek\u0119?<\/strong><br \/>\nA: Taip, per 14 dien\u0173 nuo gavimo. Prek\u0117 turi b\u016bti nepanaudota ir originalioje pakuot\u0117je.<\/p>\n<p><strong>K: Ar pristatote \u012f Nering\u0105?<\/strong><br \/>\nA: Deja, \u0161iuo metu \u012f Neringos savivaldyb\u0119 nepristatome.<\/p>\n<p><strong>K: Kokie mok\u0117jimo b\u016bdai prieinami?<\/strong><br \/>\nA: Mok\u0117jimas per Paysera \u2014 Lietuvos bank\u0173 pavedimai ir mok\u0117jimo kortel\u0117s (Visa, Mastercard).<\/p>","protected":false},"excerpt":{"rendered":"<p>SUSISIEKITE SU MUMIS Turite klausim\u0173 apie produktus ar u\u017esakymus? Mielai pad\u0117sime! Kontaktin\u0117 informacija: Crystal by Kruela Profesionalios nag\u0173 prie\u017ei\u016bros priemon\u0117s<\/p>","protected":false},"author":1,"featured_media":0,"parent":0,"menu_order":0,"comment_status":"closed","ping_status":"closed","template":"","meta":{"footnotes":""},"class_list":["post-2589","page","type-page","status-publish","hentry"],"_links":{"self":[{"href":"https:\/\/crystalbykruela.lt\/ru\/wp-json\/wp\/v2\/pages\/2589","targetHints":{"allow":["GET"]}}],"collection":[{"href":"https:\/\/crystalbykruela.lt\/ru\/wp-json\/wp\/v2\/pages"}],"about":[{"href":"https:\/\/crystalbykruela.lt\/ru\/wp-json\/wp\/v2\/types\/page"}],"author":[{"embeddable":true,"href":"https:\/\/crystalbykruela.lt\/ru\/wp-json\/wp\/v2\/users\/1"}],"replies":[{"embeddable":true,"href":"https:\/\/crystalbykruela.lt\/ru\/wp-json\/wp\/v2\/comments?post=2589"}],"version-history":[{"count":3,"href":"https:\/\/crystalbykruela.lt\/ru\/wp-json\/wp\/v2\/pages\/2589\/revisions"}],"predecessor-version":[{"id":29876,"href":"https:\/\/crystalbykruela.lt\/ru\/wp-json\/wp\/v2\/pages\/2589\/revisions\/29876"}],"wp:attachment":[{"href":"https:\/\/crystalbykruela.lt\/ru\/wp-json\/wp\/v2\/media?parent=2589"}],"curies":[{"name":"wp","href":"https:\/\/api.w.org\/{rel}","templated":true}]}}